{"id":56368,"date":"2020-06-09T02:39:50","date_gmt":"2020-06-09T06:39:50","guid":{"rendered":"https:\/\/www.callboxinc.com\/?page_id=56368"},"modified":"2024-07-10T16:17:14","modified_gmt":"2024-07-10T20:17:14","slug":"lead-generation-ireland","status":"publish","type":"page","link":"https:\/\/www.callboxinc.com\/pt\/lead-generation-ireland\/","title":{"rendered":"Lead Generation Services in Ireland"},"content":{"rendered":"","protected":false},"excerpt":{"rendered":"","protected":false},"author":1,"featured_media":56392,"parent":0,"menu_order":0,"comment_status":"closed","ping_status":"closed","template":"template-leadgen-locations.php","meta":{"_acf_changed":false,"footnotes":""},"categories":[],"tags":[],"class_list":["post-56368","page","type-page","status-publish","has-post-thumbnail","hentry"],"acf":{"cb_asset":"","cb_regional_pages":false,"cb_web_property":"MAIN","cb_acf_hero":{"h1_title":"Lead Generation Services in Ireland","headline":"<h2 class=\"hero\">Maximize Revenue with the Leading Sales Lead Generation Companies in Ireland<\/h2>\n","description":"<p>Looking for reliable lead generation services in Ireland? Callbox Inc. offers expert solutions to help you drive qualified leads and increase your sales.<\/p>","image":"https:\/\/www.callboxinc.com\/wp-content\/uploads\/2023\/06\/Ireland.png","video":"","video_header":false,"cta_link":{"title":"MARQUE UMA CONSULTA","url":"#contact-us","target":""},"cta_link_hs":{"title":"Fale com Vendas","url":"https:\/\/meetings.hubspot.com\/callbox-customer-success\/us\/","target":""},"cta":"BOOK A MEETING"},"cb_acf_relational":{"case_study":[{"ID":70008,"post_author":"1","post_date":"2021-08-25 18:32:41","post_date_gmt":"2021-08-25 22:32:41","post_content":"<!-- wp:heading -->\n<h2 id=\"h-the-client\">The Client<\/h2>\n<!-- \/wp:heading -->\n\n<!-- wp:paragraph -->\n<p>The Client is the leading telecommunications company that provides voice, data, television and internet access, and with the most secure and state of the art technology such as Open RAN, Edge Computing, Open Broadband, Network Slicing, Cloud Migration, Open Digital Architecture, IoT, Transport Network Evolution, and Cloud Native IT to its more than 344 million clients worldwide.<\/p>\n<!-- \/wp:paragraph -->\n\n<!-- wp:paragraph -->\n<p><strong>Lines of Business<\/strong><br>Business Services, Consumers, Networks and Technology<\/p>\n<!-- \/wp:paragraph -->\n\n<!-- wp:heading -->\n<h2 id=\"h-the-challenge\">The Challenge<\/h2>\n<!-- \/wp:heading -->\n\n<!-- wp:paragraph -->\n<p>The Client was looking for a telemarketing provider that could help them generate leads, and boost their list of contacts through multiple outreach channels. Primarily, they needed somebody who can represent them well in engaging their target customers, and to set appointments for their business consultants.<\/p>\n<!-- \/wp:paragraph -->\n\n<!-- wp:heading -->\n<h2 id=\"h-the-callbox-solution\">The Callbox Solution<\/h2>\n<!-- \/wp:heading -->\n\n<!-- wp:paragraph -->\n<p>Callbox did not only provide the telecom giant with telemarketing services, but designed an Account-based Marketing Lead Generation &amp; Appointment Setting campaign which consisted of:<\/p>\n<!-- \/wp:paragraph -->\n\n<!-- wp:list -->\n<ul><li>Multi-Channel Lead Management which utilized Voice, Email, Web, Chat, Webinar, and Social Media<\/li><li>Sales Enablement &amp; Support that covered Staff Training, Account Setup, and Back Office Sales Support<\/li><li>Tools &amp; Subscriptions to Callbox Pipeline and HubSpot CRM<\/li><li>Account Management with Strategy Building, Reporting, and Product Knowledge<\/li><\/ul>\n<!-- \/wp:list -->\n\n<!-- wp:heading {\"level\":3} -->\n<h3 id=\"h-the-goals\"><b>The Goals<br><\/b><\/h3>\n<!-- \/wp:heading -->\n\n<!-- wp:list -->\n<ul><li>The Callbox team was to call multinational companies in the US<\/li><li>Set meetings with decision makers who might be interested in telephony, mobility, and network services&nbsp;<\/li><li>Keep the Client\u2019s contact list clean and updated.<\/li><\/ul>\n<!-- \/wp:list -->\n\n<!-- wp:heading {\"level\":3} -->\n<h3 id=\"h-account-research-and-selection\"><b>Account Research and Selection<\/b><\/h3>\n<!-- \/wp:heading -->\n\n<!-- wp:list {\"ordered\":true} -->\n<ol><li>The Client specified their target industries, decision makers, and locations.<\/li><li>Based on the industry and DM specifications, Callbox worked out the Client\u2019s ideal customer profile (ICP) which served as a basis for identifying qualified accounts.<\/li><li>A list of potential contacts to target was then compiled by the Callbox team which was reviewed and approved by the Client.<\/li><\/ol>\n<!-- \/wp:list -->\n\n<!-- wp:heading {\"level\":3} -->\n<h3 id=\"h-account-and-prospect-profiling\"><b>Account and Prospect Profiling<\/b><\/h3>\n<!-- \/wp:heading -->\n\n<!-- wp:list {\"ordered\":true} -->\n<ol><li>The Client provided target decision makers for the Callbox team to reach out which consisted of detailed demographic and firmographic segmentations<\/li><li>The buyer personas designated as the campaign\u2019s primary targets were :<\/li><li>The master contact list was segmented based on these personas and was further grouped according to industry type<\/li><\/ol>\n<!-- \/wp:list -->\n\n<!-- wp:heading -->\n<h2 id=\"h-results\">Results<\/h2>\n<!-- \/wp:heading -->\n\n<!-- wp:paragraph -->\n<p>The Account-based Marketing Lead Generation &amp; Appointment Setting campaign delivered a total of 212 Sales Qualified Leads and 233 MQLs.<\/p>\n<!-- \/wp:paragraph -->","post_title":"Telco Tapped Callbox To Strengthen US Targets","post_excerpt":"The Client is a telecommunications company that provides the most secure and state of the art technology to its more than 344 million clients. It operates in 13 offices and has a presence in 24 locations worldwide.","post_status":"publish","comment_status":"closed","ping_status":"closed","post_password":"","post_name":"telco-tapped-callbox-to-strengthen-us-targets","to_ping":"","pinged":"","post_modified":"2025-03-10 20:28:58","post_modified_gmt":"2025-03-11 00:28:58","post_content_filtered":"","post_parent":3796,"guid":"https:\/\/www.callboxinc.com\/?page_id=70008","menu_order":0,"post_type":"page","post_mime_type":"","comment_count":"0","filter":"raw"}],"cs_industry_image":false},"cb_acf_testimonial":"","cb_acf_ctas":{"contact_form":"","banner_image":false,"goto_form_button":"BOOK A MEETING"},"cb_acf_post_alt":{"alt_post_title":"","alt_post_image":false,"alt_post_excerpt":"","alt_post_image_url":false},"page_faqs":false,"has_contact_form":true,"challenge_section":{"challenge_subtitle":"Ireland Lead Generation Services","challenge_headline":"Effective B2B Lead Generation in Ireland","challenge_desc":"<p>Drive growth and expand your business footprint in Ireland with Callbox&#8217;s specialized B2B lead generation expertise.<\/p>\n","challenge_featured_image":false,"challenge_featured_image_sg":false,"challenge_featured_image_au":false,"cards_title":"","three_cards":false,"challenge_cards":[{"image":false,"title":"Relev\u00e2ncia e Alcance","description":"Permita uma experi\u00eancia de compra perfeita para seus clientes em potencial, criando pontos de contato oportunos e conectados em todos os canais."},{"image":false,"title":"Contatos e contas mais adequados","description":"Identifique seus clientes ideais. Obtenha acesso a empresas ricas e dados de contatos dos principais mercados da UE, Am\u00e9rica do Norte e APAC para que voc\u00ea possa personalizar seu alcance."},{"image":false,"title":"Ferramentas para potencializar suas vendas","description":"With Sales tools, you can nurture your leads, manage meetings and close deals faster."},{"image":false,"title":"Leads qualificados e reuni\u00f5es de vendas","description":"Concentre-se nas suas melhores oportunidades de vendas. N\u00f3s cuidamos da prospec\u00e7\u00e3o, nutri\u00e7\u00e3o e qualifica\u00e7\u00e3o de leads para voc\u00ea."}],"challenge_cta_text":"","challenge_cta_button":null},"why_callbox":{"hide_this_section":false,"alternating_subtitle":"","alternating_headline":"Why Callbox","alternating_desc":"","alternating_sections":[{"title":"","description":"","image":false,"image_sg":false,"image_au":false,"cta":""},{"title":"","description":"","image":false,"image_sg":false,"image_au":false,"cta":""},{"title":"","description":"","image":false,"image_sg":false,"image_au":false,"cta":""}]},"callbox_stats":{"stas_headline":"","cards":[{"stat":"","title":"","desc":""},{"stat":"","title":"","desc":""},{"stat":"","title":"","desc":""},{"stat":"","title":"","desc":""}],"stats_cta_title":"","stats_cta_button":null},"callbox_reviews":{"primary_heading":"","secondary_heading":"","reviews_data":false},"dark_themed_form":false,"has_review_section":false,"cb_banner_announcement":false,"has_verticals":false},"featured_image_src":"https:\/\/www.callboxinc.com\/wp-content\/uploads\/2020\/06\/lead-generation-ireland-callbox-1.jpg","yoast_head":"<!-- This site is optimized with the Yoast SEO Premium plugin v27.3 (Yoast SEO v27.3) - https:\/\/yoast.com\/product\/yoast-seo-premium-wordpress\/ -->\n<title>Callbox Lead Generation Services in Ireland<\/title>\n<meta name=\"description\" content=\"Callbox will help you connect with the best prospects for you and your product in Ireland\u2014which means more leads, more sales, and more profit.\" \/>\n<meta name=\"robots\" content=\"index, follow, max-snippet:-1, max-image-preview:large, max-video-preview:-1\" \/>\n<link rel=\"canonical\" href=\"https:\/\/www.callboxinc.com\/pt\/lead-generation-ireland\/\" \/>\n<meta property=\"og:locale\" content=\"en_US\" \/>\n<meta property=\"og:type\" content=\"article\" \/>\n<meta property=\"og:title\" content=\"Callbox Lead Generation Services in Ireland\" \/>\n<meta property=\"og:description\" content=\"Callbox will help you connect with the best prospects for you and your product in Ireland\u2014which means more leads, more sales, and more profit.\" \/>\n<meta property=\"og:url\" content=\"https:\/\/www.callboxinc.com\/pt\/lead-generation-ireland\/\" \/>\n<meta property=\"og:site_name\" content=\"Callbox Inc. - B2B Lead Generation Company\" \/>\n<meta property=\"article:publisher\" content=\"https:\/\/www.facebook.com\/Callbox\/\" \/>\n<meta property=\"article:modified_time\" content=\"2024-07-10T20:17:14+00:00\" \/>\n<meta property=\"og:image\" content=\"https:\/\/www.callboxinc.com\/wp-content\/uploads\/2020\/06\/lead-generation-ireland-callbox-1.jpg\" \/>\n\t<meta property=\"og:image:width\" content=\"800\" \/>\n\t<meta property=\"og:image:height\" content=\"450\" \/>\n\t<meta property=\"og:image:type\" content=\"image\/jpeg\" \/>\n<meta name=\"twitter:card\" content=\"summary_large_image\" \/>\n<meta name=\"twitter:title\" content=\"Callbox Lead Generation Services in Ireland\" \/>\n<meta name=\"twitter:description\" content=\"Callbox will help you connect with the best prospects for you and your product in Ireland\u2014which means more leads, more sales, and more profit.\" \/>\n<meta name=\"twitter:site\" content=\"@callboxinc\" \/>\n<script type=\"application\/ld+json\" class=\"yoast-schema-graph\">{\"@context\":\"https:\\\/\\\/schema.org\",\"@graph\":[{\"@type\":\"WebPage\",\"@id\":\"https:\\\/\\\/www.callboxinc.com\\\/lead-generation-ireland\\\/\",\"url\":\"https:\\\/\\\/www.callboxinc.com\\\/lead-generation-ireland\\\/\",\"name\":\"Callbox Lead Generation Services in Ireland\",\"isPartOf\":{\"@id\":\"https:\\\/\\\/www.callboxinc.com\\\/#website\"},\"primaryImageOfPage\":{\"@id\":\"https:\\\/\\\/www.callboxinc.com\\\/lead-generation-ireland\\\/#primaryimage\"},\"image\":{\"@id\":\"https:\\\/\\\/www.callboxinc.com\\\/lead-generation-ireland\\\/#primaryimage\"},\"thumbnailUrl\":\"https:\\\/\\\/www.callboxinc.com\\\/wp-content\\\/uploads\\\/2020\\\/06\\\/lead-generation-ireland-callbox-1.jpg\",\"datePublished\":\"2020-06-09T06:39:50+00:00\",\"dateModified\":\"2024-07-10T20:17:14+00:00\",\"description\":\"Callbox will help you connect with the best prospects for you and your product in Ireland\u2014which means more leads, more sales, and more profit.\",\"breadcrumb\":{\"@id\":\"https:\\\/\\\/www.callboxinc.com\\\/lead-generation-ireland\\\/#breadcrumb\"},\"inLanguage\":\"pt-BR\",\"potentialAction\":[{\"@type\":\"ReadAction\",\"target\":[\"https:\\\/\\\/www.callboxinc.com\\\/lead-generation-ireland\\\/\"]}]},{\"@type\":\"ImageObject\",\"inLanguage\":\"pt-BR\",\"@id\":\"https:\\\/\\\/www.callboxinc.com\\\/lead-generation-ireland\\\/#primaryimage\",\"url\":\"https:\\\/\\\/www.callboxinc.com\\\/wp-content\\\/uploads\\\/2020\\\/06\\\/lead-generation-ireland-callbox-1.jpg\",\"contentUrl\":\"https:\\\/\\\/www.callboxinc.com\\\/wp-content\\\/uploads\\\/2020\\\/06\\\/lead-generation-ireland-callbox-1.jpg\",\"width\":800,\"height\":450},{\"@type\":\"BreadcrumbList\",\"@id\":\"https:\\\/\\\/www.callboxinc.com\\\/lead-generation-ireland\\\/#breadcrumb\",\"itemListElement\":[{\"@type\":\"ListItem\",\"position\":1,\"name\":\"Home\",\"item\":\"https:\\\/\\\/www.callboxinc.com\\\/\"},{\"@type\":\"ListItem\",\"position\":2,\"name\":\"Lead Generation Services in Ireland\"}]},{\"@type\":\"WebSite\",\"@id\":\"https:\\\/\\\/www.callboxinc.com\\\/#website\",\"url\":\"https:\\\/\\\/www.callboxinc.com\\\/\",\"name\":\"Callbox Inc. - B2B Lead Generation Company\",\"description\":\"Drive sales with more leads, meetings, and data\",\"publisher\":{\"@id\":\"https:\\\/\\\/www.callboxinc.com\\\/#organization\"},\"potentialAction\":[{\"@type\":\"SearchAction\",\"target\":{\"@type\":\"EntryPoint\",\"urlTemplate\":\"https:\\\/\\\/www.callboxinc.com\\\/?s={search_term_string}\"},\"query-input\":{\"@type\":\"PropertyValueSpecification\",\"valueRequired\":true,\"valueName\":\"search_term_string\"}}],\"inLanguage\":\"pt-BR\"},{\"@type\":\"Organization\",\"@id\":\"https:\\\/\\\/www.callboxinc.com\\\/#organization\",\"name\":\"Callbox Inc.\",\"url\":\"https:\\\/\\\/www.callboxinc.com\\\/\",\"logo\":{\"@type\":\"ImageObject\",\"inLanguage\":\"pt-BR\",\"@id\":\"https:\\\/\\\/www.callboxinc.com\\\/#\\\/schema\\\/logo\\\/image\\\/\",\"url\":\"https:\\\/\\\/www.callboxinc.com\\\/wp-content\\\/uploads\\\/2019\\\/11\\\/logo.png\",\"contentUrl\":\"https:\\\/\\\/www.callboxinc.com\\\/wp-content\\\/uploads\\\/2019\\\/11\\\/logo.png\",\"width\":107,\"height\":56,\"caption\":\"Callbox Inc.\"},\"image\":{\"@id\":\"https:\\\/\\\/www.callboxinc.com\\\/#\\\/schema\\\/logo\\\/image\\\/\"},\"sameAs\":[\"https:\\\/\\\/www.facebook.com\\\/Callbox\\\/\",\"https:\\\/\\\/x.com\\\/callboxinc\",\"https:\\\/\\\/linkedin.com\\\/company\\\/callbox-encino-california\",\"https:\\\/\\\/www.pinterest.com\\\/callboxinc\\\/\",\"https:\\\/\\\/www.youtube.com\\\/channel\\\/UCtItzDF9eq58Jnw3u6x_7jg\\\/\"]}]}<\/script>\n<!-- \/ Yoast SEO Premium plugin. -->","yoast_head_json":{"title":"Callbox Lead Generation Services in Ireland","description":"Callbox will help you connect with the best prospects for you and your product in Ireland\u2014which means more leads, more sales, and more profit.","robots":{"index":"index","follow":"follow","max-snippet":"max-snippet:-1","max-image-preview":"max-image-preview:large","max-video-preview":"max-video-preview:-1"},"canonical":"https:\/\/www.callboxinc.com\/pt\/lead-generation-ireland\/","og_locale":"en_US","og_type":"article","og_title":"Callbox Lead Generation Services in Ireland","og_description":"Callbox will help you connect with the best prospects for you and your product in Ireland\u2014which means more leads, more sales, and more profit.","og_url":"https:\/\/www.callboxinc.com\/pt\/lead-generation-ireland\/","og_site_name":"Callbox Inc. - B2B Lead Generation Company","article_publisher":"https:\/\/www.facebook.com\/Callbox\/","article_modified_time":"2024-07-10T20:17:14+00:00","og_image":[{"width":800,"height":450,"url":"https:\/\/www.callboxinc.com\/wp-content\/uploads\/2020\/06\/lead-generation-ireland-callbox-1.jpg","type":"image\/jpeg"}],"twitter_card":"summary_large_image","twitter_title":"Callbox Lead Generation Services in Ireland","twitter_description":"Callbox will help you connect with the best prospects for you and your product in Ireland\u2014which means more leads, more sales, and more profit.","twitter_site":"@callboxinc","schema":{"@context":"https:\/\/schema.org","@graph":[{"@type":"WebPage","@id":"https:\/\/www.callboxinc.com\/lead-generation-ireland\/","url":"https:\/\/www.callboxinc.com\/lead-generation-ireland\/","name":"Callbox Lead Generation Services in Ireland","isPartOf":{"@id":"https:\/\/www.callboxinc.com\/#website"},"primaryImageOfPage":{"@id":"https:\/\/www.callboxinc.com\/lead-generation-ireland\/#primaryimage"},"image":{"@id":"https:\/\/www.callboxinc.com\/lead-generation-ireland\/#primaryimage"},"thumbnailUrl":"https:\/\/www.callboxinc.com\/wp-content\/uploads\/2020\/06\/lead-generation-ireland-callbox-1.jpg","datePublished":"2020-06-09T06:39:50+00:00","dateModified":"2024-07-10T20:17:14+00:00","description":"Callbox will help you connect with the best prospects for you and your product in Ireland\u2014which means more leads, more sales, and more profit.","breadcrumb":{"@id":"https:\/\/www.callboxinc.com\/lead-generation-ireland\/#breadcrumb"},"inLanguage":"pt-BR","potentialAction":[{"@type":"ReadAction","target":["https:\/\/www.callboxinc.com\/lead-generation-ireland\/"]}]},{"@type":"ImageObject","inLanguage":"pt-BR","@id":"https:\/\/www.callboxinc.com\/lead-generation-ireland\/#primaryimage","url":"https:\/\/www.callboxinc.com\/wp-content\/uploads\/2020\/06\/lead-generation-ireland-callbox-1.jpg","contentUrl":"https:\/\/www.callboxinc.com\/wp-content\/uploads\/2020\/06\/lead-generation-ireland-callbox-1.jpg","width":800,"height":450},{"@type":"BreadcrumbList","@id":"https:\/\/www.callboxinc.com\/lead-generation-ireland\/#breadcrumb","itemListElement":[{"@type":"ListItem","position":1,"name":"Home","item":"https:\/\/www.callboxinc.com\/"},{"@type":"ListItem","position":2,"name":"Lead Generation Services in Ireland"}]},{"@type":"WebSite","@id":"https:\/\/www.callboxinc.com\/#website","url":"https:\/\/www.callboxinc.com\/","name":"Callbox Inc. - Empresa de Gera\u00e7\u00e3o de Leads B2B","description":"Drive sales with more leads, meetings, and data","publisher":{"@id":"https:\/\/www.callboxinc.com\/#organization"},"potentialAction":[{"@type":"SearchAction","target":{"@type":"EntryPoint","urlTemplate":"https:\/\/www.callboxinc.com\/?s={search_term_string}"},"query-input":{"@type":"PropertyValueSpecification","valueRequired":true,"valueName":"search_term_string"}}],"inLanguage":"pt-BR"},{"@type":"Organization","@id":"https:\/\/www.callboxinc.com\/#organization","name":"Callbox Inc.","url":"https:\/\/www.callboxinc.com\/","logo":{"@type":"ImageObject","inLanguage":"pt-BR","@id":"https:\/\/www.callboxinc.com\/#\/schema\/logo\/image\/","url":"https:\/\/www.callboxinc.com\/wp-content\/uploads\/2019\/11\/logo.png","contentUrl":"https:\/\/www.callboxinc.com\/wp-content\/uploads\/2019\/11\/logo.png","width":107,"height":56,"caption":"Callbox Inc."},"image":{"@id":"https:\/\/www.callboxinc.com\/#\/schema\/logo\/image\/"},"sameAs":["https:\/\/www.facebook.com\/Callbox\/","https:\/\/x.com\/callboxinc","https:\/\/linkedin.com\/company\/callbox-encino-california","https:\/\/www.pinterest.com\/callboxinc\/","https:\/\/www.youtube.com\/channel\/UCtItzDF9eq58Jnw3u6x_7jg\/"]}]}},"_links":{"self":[{"href":"https:\/\/www.callboxinc.com\/pt\/wp-json\/wp\/v2\/pages\/56368","targetHints":{"allow":["GET"]}}],"collection":[{"href":"https:\/\/www.callboxinc.com\/pt\/wp-json\/wp\/v2\/pages"}],"about":[{"href":"https:\/\/www.callboxinc.com\/pt\/wp-json\/wp\/v2\/types\/page"}],"author":[{"embeddable":true,"href":"https:\/\/www.callboxinc.com\/pt\/wp-json\/wp\/v2\/users\/1"}],"replies":[{"embeddable":true,"href":"https:\/\/www.callboxinc.com\/pt\/wp-json\/wp\/v2\/comments?post=56368"}],"version-history":[{"count":19,"href":"https:\/\/www.callboxinc.com\/pt\/wp-json\/wp\/v2\/pages\/56368\/revisions"}],"predecessor-version":[{"id":101734,"href":"https:\/\/www.callboxinc.com\/pt\/wp-json\/wp\/v2\/pages\/56368\/revisions\/101734"}],"wp:featuredmedia":[{"embeddable":true,"href":"https:\/\/www.callboxinc.com\/pt\/wp-json\/wp\/v2\/media\/56392"}],"wp:attachment":[{"href":"https:\/\/www.callboxinc.com\/pt\/wp-json\/wp\/v2\/media?parent=56368"}],"wp:term":[{"taxonomy":"category","embeddable":true,"href":"https:\/\/www.callboxinc.com\/pt\/wp-json\/wp\/v2\/categories?post=56368"},{"taxonomy":"post_tag","embeddable":true,"href":"https:\/\/www.callboxinc.com\/pt\/wp-json\/wp\/v2\/tags?post=56368"}],"curies":[{"name":"wp","href":"https:\/\/api.w.org\/{rel}","templated":true}]}}