{"id":27731,"date":"2018-08-09T12:46:23","date_gmt":"2018-08-09T04:46:23","guid":{"rendered":"https:\/\/www.callboxinc.com\/?page_id=27731"},"modified":"2025-05-12T23:52:34","modified_gmt":"2025-05-13T03:52:34","slug":"event-marketing-services","status":"publish","type":"page","link":"https:\/\/www.callboxinc.com\/pt\/event-marketing-services\/","title":{"rendered":"Servi\u00e7os de Marketing de Eventos"},"content":{"rendered":"","protected":false},"excerpt":{"rendered":"<p>Boost turnout and conversions for your tradeshows, webinars, industry meetups, etc. with Callbox\u2019s targeted, end-to-end event marketing solutions.<\/p>","protected":false},"author":1,"featured_media":70171,"parent":0,"menu_order":0,"comment_status":"closed","ping_status":"closed","template":"","meta":{"_acf_changed":false,"footnotes":""},"categories":[],"tags":[],"class_list":["post-27731","page","type-page","status-publish","has-post-thumbnail","hentry"],"acf":{"cb_asset":"","cb_acf_hero":{"h1_title":"","headline":"<h2 class=\"frontpage-headline\">Trusted Partner for Event Lead Generation and Higher Event ROIs<\/h2>\n","description":"<p>Looking to boost event attendance and generate high-quality leads? Our data-driven event audience acquisition strategies help you drive more attendees to the event and connect with the right prospects. We focus on maximizing your event ROI by turning interest into real conversions.<\/p>","image":"https:\/\/www.callboxinc.com\/wp-content\/uploads\/2023\/03\/event-marketing-webp.webp","video":"","video_header":false,"cta_link":{"title":"MARQUE UMA CONSULTA","url":"#contact-us","target":""},"cta_link_hs":{"title":"Fale com Vendas","url":"https:\/\/meetings.hubspot.com\/callbox-customer-success\/us\/?utm_source=LPevent","target":"_blank"},"cta":"BOOK A MEETING"},"cb_web_property":"MAIN","cb_acf_relational":{"case_study":[{"ID":3819,"post_author":"1","post_date":"2015-01-22 04:58:43","post_date_gmt":"2015-01-22 04:58:43","post_content":"<!-- wp:heading -->\n<h2 id=\"h-the-client\">The Client<\/h2>\n<!-- \/wp:heading -->\n\n<!-- wp:paragraph -->\n<p>The Client is a worldwide talent management leader with experience serving organizations of all sizes. The Client configures talent solutions for specific business needs to dramatically improve business performance. They provide on demand talent management solutions to assess, acquire, develop, and align workforce.<\/p>\n<!-- \/wp:paragraph -->\n\n<!-- wp:paragraph -->\n<p>The Client delivers a comprehensive suite of solutions for businesses of all sizes, matching all sources of talent \u2013 be they professional and hourly candidates, agency referrals, campus recruits, contingent workers, or existing employees to all positions, whether it is centralized, decentralized, or multinational. It maintains its headquarters in the San Francisco Bay Area and a research and development facility in Quebec City, where the company employs approximately 300 people focused solely on talent management applications.<\/p>\n<!-- \/wp:paragraph -->\n\n<!-- wp:heading -->\n<h2 id=\"h-the-challenge\">The Challenge<\/h2>\n<!-- \/wp:heading -->\n\n<!-- wp:paragraph -->\n<p>The Client needed to invite prospects to its 2007 World conference. Its desired attendees were composed of its current customer base and prospects from all over the US culled from their in-house database.<\/p>\n<!-- \/wp:paragraph -->\n\n<!-- wp:paragraph -->\n<p>This global company needed a reliable partner to update and manage its lists and gather pertinent information such as names of prospects, email addresses and phone numbers, company names, addresses and zip codes. Using the lists from their database, the Client needed to generate interest and drive attendance to their event.<\/p>\n<!-- \/wp:paragraph -->\n\n<!-- wp:heading -->\n<h2 id=\"h-the-callbox-solution\">The Callbox Solution<\/h2>\n<!-- \/wp:heading -->\n\n<!-- wp:paragraph -->\n<p>The Callbox team broke the challenge down into distinct implementation phases: Database Cleanup, List Management and Call to Invite Campaign.<\/p>\n<!-- \/wp:paragraph -->\n\n<!-- wp:heading {\"level\":3} -->\n<h3 id=\"h-database-cleanup\">Database Cleanup<\/h3>\n<!-- \/wp:heading -->\n\n<!-- wp:paragraph -->\n<p>The Callbox team helped preserve the valuable information in the Client\u2019s global database which contained millions of key contacts. The team updated and enhanced their existing prospect and customer lists by:<\/p>\n<!-- \/wp:paragraph -->\n\n<!-- wp:list -->\n<ul><li>reviewing, evaluating and studying the work that needs to be done for the Client\u2019s lists<\/li><li>updating addresses, name spellings, titles and email addresses<\/li><li>removing or consolidating duplicates<\/li><li>normalizing data formats<\/li><li>adding key data fields<\/li><li>phone-verifying all contact and company information<\/li><\/ul>\n<!-- \/wp:list -->\n\n<!-- wp:heading {\"level\":3} -->\n<h3 id=\"h-list-management-contact-management\">List management \/ Contact management<\/h3>\n<!-- \/wp:heading -->\n\n<!-- wp:paragraph -->\n<p>With the team\u2019s expert knowledge of the direct marketing business and trends in the List Industry, recommendations were given to the Client on how to best utilize their list. After studying the Client\u2019s prospect list, target emails based on interest, demographics, or custom questions were prepared by the Callbox team and sent out using advanced software and systems. Responses and results were recorded, tracked and reported to the Client daily.<\/p>\n<!-- \/wp:paragraph -->\n\n<!-- wp:heading {\"level\":3} -->\n<h3 id=\"h-call-to-invite\">Call-to-invite<\/h3>\n<!-- \/wp:heading -->\n\n<!-- wp:paragraph -->\n<p>After completing the list cleanup process and list management, Callbox agents went to work calling and qualifying potential attendees as a follow-up on all emails sent. All call activities were automatically logged in to Pipeline CRM, Callbox\u2019s customer contact and sales force management system where the Client can view, process or download reports of leads and\/or appointments generated by Callbox agents. Personal contact and company information were collected from those who signified their intention to attend the conference, organized and forwarded to the Client to be included in their list of attendees. Highly-trained Callbox agents efficiently multi-tasked, making hundreds of calls daily, identifying potential attendees, providing conference information when requested by prospect and preparing reports for the Client.<\/p>\n<!-- \/wp:paragraph -->\n\n<!-- wp:heading -->\n<h2 id=\"h-results\">Results<\/h2>\n<!-- \/wp:heading -->\n\n<!-- wp:paragraph -->\n<p>With Callbox providing maximum support prior to their event, the Client was able to focus on preparing for the conference itself and exceeded its target number of attendees. Client was impressed with the Callbox team\u2019s excellent prospecting skills and attention to detail in cleaning up and updating its lists that it renewed its contract several times.<\/p>\n<!-- \/wp:paragraph -->\n\n<!-- wp:paragraph -->\n<p>With Callbox\u2019s list management and efficient reporting, the Client was freed from purging, updating and mailing, as Callbox did everything for them. With enhanced database capabilities, they are exploring an even more extensive direct marketing aimed at solely building their email lists.<\/p>\n<!-- \/wp:paragraph -->","post_title":"Callbox\u2019s Top Marketing Support to Talent Management Leader","post_excerpt":"Database cleanup, list management and event telemarketing when utilize together can do MAGIC. Know how a Leader in Talent Management Solutions industry successfully implemented these to its campaign.","post_status":"publish","comment_status":"open","ping_status":"open","post_password":"","post_name":"callbox-provides-maximum-marketing-support-for-talent-management-solutions-leader","to_ping":"","pinged":"","post_modified":"2025-03-10 20:06:11","post_modified_gmt":"2025-03-11 00:06:11","post_content_filtered":"","post_parent":3796,"guid":"http:\/\/www.callboxinc.com\/?page_id=3819","menu_order":0,"post_type":"page","post_mime_type":"","comment_count":"0","filter":"raw"}],"cs_industry_image":false},"cb_acf_testimonial":"","cb_regional_pages":false,"cb_acf_ctas":{"contact_form":"Tell us about your upcoming event, and let\u2019s see what we can do together.","banner_image":false,"goto_form_button":"BOOK A MEETING"},"cb_acf_post_alt":{"alt_post_title":"","alt_post_image":false,"alt_post_excerpt":"","alt_post_image_url":false},"page_faqs":false,"has_contact_form":true,"dark_themed_form":false,"has_review_section":false,"cb_banner_announcement":false,"form_redirect_url":"","faq_header_title":"","faq_header_desc":"","leadgen_apac":false},"featured_image_src":"https:\/\/www.callboxinc.com\/wp-content\/uploads\/2021\/08\/FEATURED-EVENT-MARKETING.jpg","yoast_head":"<!-- This site is optimized with the Yoast SEO Premium plugin v27.1 (Yoast SEO v27.1.1) - https:\/\/yoast.com\/product\/yoast-seo-premium-wordpress\/ -->\n<title>Event Attendee Acquisition | Event Lead Generation Service<\/title>\n<meta name=\"description\" content=\"Need more event attendees and qualified leads? Callbox drives targeted traffic and delivers qualified event-ready prospects.\" \/>\n<meta name=\"robots\" content=\"index, follow, max-snippet:-1, max-image-preview:large, max-video-preview:-1\" \/>\n<link rel=\"canonical\" href=\"https:\/\/www.callboxinc.com\/pt\/event-marketing-services\/\" \/>\n<meta property=\"og:locale\" content=\"en_US\" \/>\n<meta property=\"og:type\" content=\"article\" \/>\n<meta property=\"og:title\" content=\"Callbox Event Marketing Solutions - Boost Event Attendees\" \/>\n<meta property=\"og:description\" content=\"Looking to increase event attendee? Boost event turnout and conversions with Callbox\u2019s targeted event marketing solutions. Call, +1 888.810.7464\" \/>\n<meta property=\"og:url\" content=\"https:\/\/www.callboxinc.com\/pt\/event-marketing-services\/\" \/>\n<meta property=\"og:site_name\" content=\"Callbox Inc. - B2B Lead Generation Company\" \/>\n<meta property=\"article:publisher\" content=\"https:\/\/www.facebook.com\/Callbox\/\" \/>\n<meta property=\"article:modified_time\" content=\"2025-05-13T03:52:34+00:00\" \/>\n<meta property=\"og:image\" content=\"https:\/\/www.callboxinc.com\/wp-content\/uploads\/2021\/08\/FEATURED-EVENT-MARKETING.jpg\" \/>\n\t<meta property=\"og:image:width\" content=\"800\" \/>\n\t<meta property=\"og:image:height\" content=\"450\" \/>\n\t<meta property=\"og:image:type\" content=\"image\/jpeg\" \/>\n<meta name=\"twitter:card\" content=\"summary_large_image\" \/>\n<meta name=\"twitter:title\" content=\"Callbox Event Marketing Solutions - Boost Event Attendees\" \/>\n<meta name=\"twitter:description\" content=\"Looking to increase event attendee? Boost event turnout and conversions with Callbox\u2019s targeted event marketing solutions. Call, +1 888.810.7464\" \/>\n<meta name=\"twitter:site\" content=\"@callboxinc\" \/>\n<script type=\"application\/ld+json\" class=\"yoast-schema-graph\">{\"@context\":\"https:\/\/schema.org\",\"@graph\":[{\"@type\":\"WebPage\",\"@id\":\"https:\/\/www.callboxinc.com\/event-marketing-services\/\",\"url\":\"https:\/\/www.callboxinc.com\/event-marketing-services\/\",\"name\":\"Event Attendee Acquisition | Event Lead Generation Service\",\"isPartOf\":{\"@id\":\"https:\/\/www.callboxinc.com\/#website\"},\"primaryImageOfPage\":{\"@id\":\"https:\/\/www.callboxinc.com\/event-marketing-services\/#primaryimage\"},\"image\":{\"@id\":\"https:\/\/www.callboxinc.com\/event-marketing-services\/#primaryimage\"},\"thumbnailUrl\":\"https:\/\/www.callboxinc.com\/wp-content\/uploads\/2021\/08\/FEATURED-EVENT-MARKETING.jpg\",\"datePublished\":\"2018-08-09T04:46:23+00:00\",\"dateModified\":\"2025-05-13T03:52:34+00:00\",\"description\":\"Need more event attendees and qualified leads? Callbox drives targeted traffic and delivers qualified event-ready prospects.\",\"breadcrumb\":{\"@id\":\"https:\/\/www.callboxinc.com\/event-marketing-services\/#breadcrumb\"},\"inLanguage\":\"pt-BR\",\"potentialAction\":[{\"@type\":\"ReadAction\",\"target\":[\"https:\/\/www.callboxinc.com\/event-marketing-services\/\"]}]},{\"@type\":\"ImageObject\",\"inLanguage\":\"pt-BR\",\"@id\":\"https:\/\/www.callboxinc.com\/event-marketing-services\/#primaryimage\",\"url\":\"https:\/\/www.callboxinc.com\/wp-content\/uploads\/2021\/08\/FEATURED-EVENT-MARKETING.jpg\",\"contentUrl\":\"https:\/\/www.callboxinc.com\/wp-content\/uploads\/2021\/08\/FEATURED-EVENT-MARKETING.jpg\",\"width\":800,\"height\":450,\"caption\":\"Event Marketing Services\"},{\"@type\":\"BreadcrumbList\",\"@id\":\"https:\/\/www.callboxinc.com\/event-marketing-services\/#breadcrumb\",\"itemListElement\":[{\"@type\":\"ListItem\",\"position\":1,\"name\":\"Home\",\"item\":\"https:\/\/www.callboxinc.com\/\"},{\"@type\":\"ListItem\",\"position\":2,\"name\":\"Event Marketing Services\"}]},{\"@type\":\"WebSite\",\"@id\":\"https:\/\/www.callboxinc.com\/#website\",\"url\":\"https:\/\/www.callboxinc.com\/\",\"name\":\"Callbox Inc. - B2B Lead Generation Company\",\"description\":\"Drive sales with more leads, meetings, and data\",\"publisher\":{\"@id\":\"https:\/\/www.callboxinc.com\/#organization\"},\"potentialAction\":[{\"@type\":\"SearchAction\",\"target\":{\"@type\":\"EntryPoint\",\"urlTemplate\":\"https:\/\/www.callboxinc.com\/?s={search_term_string}\"},\"query-input\":{\"@type\":\"PropertyValueSpecification\",\"valueRequired\":true,\"valueName\":\"search_term_string\"}}],\"inLanguage\":\"pt-BR\"},{\"@type\":\"Organization\",\"@id\":\"https:\/\/www.callboxinc.com\/#organization\",\"name\":\"Callbox Inc.\",\"url\":\"https:\/\/www.callboxinc.com\/\",\"logo\":{\"@type\":\"ImageObject\",\"inLanguage\":\"pt-BR\",\"@id\":\"https:\/\/www.callboxinc.com\/#\/schema\/logo\/image\/\",\"url\":\"https:\/\/www.callboxinc.com\/wp-content\/uploads\/2019\/11\/logo.png\",\"contentUrl\":\"https:\/\/www.callboxinc.com\/wp-content\/uploads\/2019\/11\/logo.png\",\"width\":107,\"height\":56,\"caption\":\"Callbox Inc.\"},\"image\":{\"@id\":\"https:\/\/www.callboxinc.com\/#\/schema\/logo\/image\/\"},\"sameAs\":[\"https:\/\/www.facebook.com\/Callbox\/\",\"https:\/\/x.com\/callboxinc\",\"https:\/\/linkedin.com\/company\/callbox-encino-california\",\"https:\/\/www.pinterest.com\/callboxinc\/\",\"https:\/\/www.youtube.com\/channel\/UCtItzDF9eq58Jnw3u6x_7jg\/\"]}]}<\/script>\n<!-- \/ Yoast SEO Premium plugin. -->","yoast_head_json":{"title":"Aquisi\u00e7\u00e3o de Participantes para Eventos | Servi\u00e7o de Gera\u00e7\u00e3o de Leads para Eventos","description":"Precisa de mais participantes e leads qualificados para seus eventos? A Callbox atrai tr\u00e1fego altamente segmentado e entrega prospects qualificados e prontos para participar.","robots":{"index":"index","follow":"follow","max-snippet":"max-snippet:-1","max-image-preview":"max-image-preview:large","max-video-preview":"max-video-preview:-1"},"canonical":"https:\/\/www.callboxinc.com\/pt\/event-marketing-services\/","og_locale":"en_US","og_type":"article","og_title":"Callbox Event Marketing Solutions - Boost Event Attendees","og_description":"Looking to increase event attendee? Boost event turnout and conversions with Callbox\u2019s targeted event marketing solutions. Call, +1 888.810.7464","og_url":"https:\/\/www.callboxinc.com\/pt\/event-marketing-services\/","og_site_name":"Callbox Inc. - B2B Lead Generation Company","article_publisher":"https:\/\/www.facebook.com\/Callbox\/","article_modified_time":"2025-05-13T03:52:34+00:00","og_image":[{"width":800,"height":450,"url":"https:\/\/www.callboxinc.com\/wp-content\/uploads\/2021\/08\/FEATURED-EVENT-MARKETING.jpg","type":"image\/jpeg"}],"twitter_card":"summary_large_image","twitter_title":"Callbox Event Marketing Solutions - Boost Event Attendees","twitter_description":"Looking to increase event attendee? Boost event turnout and conversions with Callbox\u2019s targeted event marketing solutions. Call, +1 888.810.7464","twitter_site":"@callboxinc","schema":{"@context":"https:\/\/schema.org","@graph":[{"@type":"WebPage","@id":"https:\/\/www.callboxinc.com\/event-marketing-services\/","url":"https:\/\/www.callboxinc.com\/event-marketing-services\/","name":"Aquisi\u00e7\u00e3o de Participantes para Eventos | Servi\u00e7o de Gera\u00e7\u00e3o de Leads para Eventos","isPartOf":{"@id":"https:\/\/www.callboxinc.com\/#website"},"primaryImageOfPage":{"@id":"https:\/\/www.callboxinc.com\/event-marketing-services\/#primaryimage"},"image":{"@id":"https:\/\/www.callboxinc.com\/event-marketing-services\/#primaryimage"},"thumbnailUrl":"https:\/\/www.callboxinc.com\/wp-content\/uploads\/2021\/08\/FEATURED-EVENT-MARKETING.jpg","datePublished":"2018-08-09T04:46:23+00:00","dateModified":"2025-05-13T03:52:34+00:00","description":"Precisa de mais participantes e leads qualificados para seus eventos? A Callbox atrai tr\u00e1fego altamente segmentado e entrega prospects qualificados e prontos para participar.","breadcrumb":{"@id":"https:\/\/www.callboxinc.com\/event-marketing-services\/#breadcrumb"},"inLanguage":"pt-BR","potentialAction":[{"@type":"ReadAction","target":["https:\/\/www.callboxinc.com\/event-marketing-services\/"]}]},{"@type":"ImageObject","inLanguage":"pt-BR","@id":"https:\/\/www.callboxinc.com\/event-marketing-services\/#primaryimage","url":"https:\/\/www.callboxinc.com\/wp-content\/uploads\/2021\/08\/FEATURED-EVENT-MARKETING.jpg","contentUrl":"https:\/\/www.callboxinc.com\/wp-content\/uploads\/2021\/08\/FEATURED-EVENT-MARKETING.jpg","width":800,"height":450,"caption":"Event Marketing Services"},{"@type":"BreadcrumbList","@id":"https:\/\/www.callboxinc.com\/event-marketing-services\/#breadcrumb","itemListElement":[{"@type":"ListItem","position":1,"name":"Home","item":"https:\/\/www.callboxinc.com\/"},{"@type":"ListItem","position":2,"name":"Event Marketing Services"}]},{"@type":"WebSite","@id":"https:\/\/www.callboxinc.com\/#website","url":"https:\/\/www.callboxinc.com\/","name":"Callbox Inc. - Empresa de Gera\u00e7\u00e3o de Leads B2B","description":"Drive sales with more leads, meetings, and data","publisher":{"@id":"https:\/\/www.callboxinc.com\/#organization"},"potentialAction":[{"@type":"SearchAction","target":{"@type":"EntryPoint","urlTemplate":"https:\/\/www.callboxinc.com\/?s={search_term_string}"},"query-input":{"@type":"PropertyValueSpecification","valueRequired":true,"valueName":"search_term_string"}}],"inLanguage":"pt-BR"},{"@type":"Organization","@id":"https:\/\/www.callboxinc.com\/#organization","name":"Callbox Inc.","url":"https:\/\/www.callboxinc.com\/","logo":{"@type":"ImageObject","inLanguage":"pt-BR","@id":"https:\/\/www.callboxinc.com\/#\/schema\/logo\/image\/","url":"https:\/\/www.callboxinc.com\/wp-content\/uploads\/2019\/11\/logo.png","contentUrl":"https:\/\/www.callboxinc.com\/wp-content\/uploads\/2019\/11\/logo.png","width":107,"height":56,"caption":"Callbox Inc."},"image":{"@id":"https:\/\/www.callboxinc.com\/#\/schema\/logo\/image\/"},"sameAs":["https:\/\/www.facebook.com\/Callbox\/","https:\/\/x.com\/callboxinc","https:\/\/linkedin.com\/company\/callbox-encino-california","https:\/\/www.pinterest.com\/callboxinc\/","https:\/\/www.youtube.com\/channel\/UCtItzDF9eq58Jnw3u6x_7jg\/"]}]}},"_links":{"self":[{"href":"https:\/\/www.callboxinc.com\/pt\/wp-json\/wp\/v2\/pages\/27731","targetHints":{"allow":["GET"]}}],"collection":[{"href":"https:\/\/www.callboxinc.com\/pt\/wp-json\/wp\/v2\/pages"}],"about":[{"href":"https:\/\/www.callboxinc.com\/pt\/wp-json\/wp\/v2\/types\/page"}],"author":[{"embeddable":true,"href":"https:\/\/www.callboxinc.com\/pt\/wp-json\/wp\/v2\/users\/1"}],"replies":[{"embeddable":true,"href":"https:\/\/www.callboxinc.com\/pt\/wp-json\/wp\/v2\/comments?post=27731"}],"version-history":[{"count":86,"href":"https:\/\/www.callboxinc.com\/pt\/wp-json\/wp\/v2\/pages\/27731\/revisions"}],"predecessor-version":[{"id":119318,"href":"https:\/\/www.callboxinc.com\/pt\/wp-json\/wp\/v2\/pages\/27731\/revisions\/119318"}],"wp:featuredmedia":[{"embeddable":true,"href":"https:\/\/www.callboxinc.com\/pt\/wp-json\/wp\/v2\/media\/70171"}],"wp:attachment":[{"href":"https:\/\/www.callboxinc.com\/pt\/wp-json\/wp\/v2\/media?parent=27731"}],"wp:term":[{"taxonomy":"category","embeddable":true,"href":"https:\/\/www.callboxinc.com\/pt\/wp-json\/wp\/v2\/categories?post=27731"},{"taxonomy":"post_tag","embeddable":true,"href":"https:\/\/www.callboxinc.com\/pt\/wp-json\/wp\/v2\/tags?post=27731"}],"curies":[{"name":"wp","href":"https:\/\/api.w.org\/{rel}","templated":true}]}}