{"id":25636,"date":"2018-05-21T08:32:52","date_gmt":"2018-05-21T00:32:52","guid":{"rendered":"https:\/\/www.callboxinc.com\/?page_id=25636"},"modified":"2025-11-25T07:56:36","modified_gmt":"2025-11-25T12:56:36","slug":"privacy","status":"publish","type":"page","link":"https:\/\/www.callboxinc.com\/pt\/privacy\/","title":{"rendered":"Pol\u00edtica de Privacidade da Callbox"},"content":{"rendered":"<style type=\"text\/css\" data-created_by=\"avia_inline_auto\" id=\"style-css-av-f9r9jno-15ccff5e379e1202d17c4b9c21b19778\">\n.flex_column.av-f9r9jno-15ccff5e379e1202d17c4b9c21b19778{\nborder-radius:0px 0px 0px 0px;\npadding:0px 0px 0px 0px;\n}\n<\/style>\n<div  class='flex_column av-f9r9jno-15ccff5e379e1202d17c4b9c21b19778 av_one_fifth  avia-builder-el-0  el_before_av_three_fifth  avia-builder-el-first  first flex_column_div av-zero-column-padding'     ><\/div>\n\n<style type=\"text\/css\" data-created_by=\"avia_inline_auto\" id=\"style-css-av-eumz2f8-b9194d19ea0772042cbcbf229d961755\">\n.flex_column.av-eumz2f8-b9194d19ea0772042cbcbf229d961755{\nborder-radius:0px 0px 0px 0px;\npadding:0px 0px 0px 0px;\n}\n<\/style>\n<div  class='flex_column av-eumz2f8-b9194d19ea0772042cbcbf229d961755 av_three_fifth  avia-builder-el-1  el_after_av_one_fifth  el_before_av_one_fifth  flex_column_div av-zero-column-padding'     ><p><div id=\"\" style='padding-bottom:10px;' class='av-special-heading av-special-heading-h1  blockquote modern-quote modern-centered  avia-builder-el-2  el_before_av_hr  avia-builder-el-first'><h1 class='av-special-heading-tag'  itemprop=\"headline\"  >Pol\u00edtica de Privacidade da Callbox<\/h1><div class='special-heading-border'><div class='special-heading-inner-border' ><\/div><\/div><\/div><br \/>\n\n<style type=\"text\/css\" data-created_by=\"avia_inline_auto\" id=\"style-css-av-1bh9wec-90452a40b856fd9274cfc908ca399429\">\n#top .hr.hr-invisible.av-1bh9wec-90452a40b856fd9274cfc908ca399429{\nheight:30px;\n}\n<\/style>\n<div  class='hr av-1bh9wec-90452a40b856fd9274cfc908ca399429 hr-invisible  avia-builder-el-3  el_after_av_heading  el_before_av_textblock'><span class='hr-inner'><span class=\"hr-inner-style\"><\/span><\/span><\/div><br \/>\n<section  class='av_textblock_section av-cozkmx0-451ea10ebde500d6772a92b7310e1cbb'   itemscope=\"itemscope\" itemtype=\"https:\/\/schema.org\/CreativeWork\" ><div class='avia_textblock'  itemprop=\"text\" ><p>A Callbox oferece servi\u00e7os de gera\u00e7\u00e3o de leads, agendamento de reuni\u00f5es e servi\u00e7os de dados para empresas que comercializam e vendem para outras empresas. A Callbox est\u00e1 comprometida com a privacidade e seguran\u00e7a dos visitantes de seu site.<\/p>\n<p>Nesta pol\u00edtica de privacidade, \"Callbox\", \"n\u00f3s\", \"nos\" e \"nosso\" se referem \u00e0 Callbox, Inc., uma corpora\u00e7\u00e3o registrada nos EUA. \"Site\" inclui callboxinc.com, callboxinc.com.au, callboxinc.com.sg, callbox.com.my, callboxinc.co.uk, callbox.ca, callboxasia.com.<\/p>\n<p>Esta pol\u00edtica de privacidade se aplica \u00e0s informa\u00e7\u00f5es pessoais coletadas em nosso site ou obtidas pelos m\u00e9todos aqui discutidos. N\u00e3o se aplica a nenhum site ou pr\u00e1ticas utilizadas por qualquer terceiro. Esta pol\u00edtica de privacidade tamb\u00e9m n\u00e3o se aplica \u00e0s informa\u00e7\u00f5es que recebemos ou mantemos em nome de nossos clientes em nosso papel de prestador de servi\u00e7os, uma vez que tais termos s\u00e3o regidos pelo acordo de servi\u00e7o aplic\u00e1vel.<\/p>\n<h2><b>1. Quais informa\u00e7\u00f5es coletamos<\/b><\/h2>\n<p>Coletamos dados relacionados ao uso de nosso site. Usamos cookies e tecnologias semelhantes em nosso site para coletar informa\u00e7\u00f5es, como data e hor\u00e1rio das visitas, localiza\u00e7\u00e3o geogr\u00e1fica, p\u00e1ginas visualizadas, endere\u00e7o IP, links de\/para qualquer p\u00e1gina, tipo e vers\u00e3o do navegador, sistema operacional, origem de refer\u00eancia e tempo gasto em nosso site.<\/p>\n<p>Nosso site inclui op\u00e7\u00f5es para os visitantes enviarem informa\u00e7\u00f5es para a Callbox, por exemplo, ao se inscreverem em nosso boletim informativo por e-mail, baixar determinado conte\u00fado, se comunicar conosco, etc. Tais formul\u00e1rios podem oferecer a op\u00e7\u00e3o de enviar suas informa\u00e7\u00f5es pessoais, incluindo seu nome, cargo, nome da empresa, endere\u00e7o de e-mail ou n\u00famero de telefone. Al\u00e9m disso, as informa\u00e7\u00f5es pessoais que armazenamos sobre voc\u00ea podem estar vinculadas \u00e0s informa\u00e7\u00f5es armazenadas e obtidas de cookies.<\/p>\n<p>Com seu consentimento, tamb\u00e9m podemos coletar informa\u00e7\u00f5es pessoais adicionais de outras maneiras, como e-mails, pesquisas e outras formas de comunica\u00e7\u00e3o.<\/p>\n<h2><b>2. Como usamos suas informa\u00e7\u00f5es<\/b><\/h2>\n<p>A Callbox utiliza dados de cookies para medir o tr\u00e1fego e a atividade de uso do site, a fim de melhorar e aprimorar a funcionalidade do nosso site, detectar poss\u00edveis atividades fraudulentas e entender melhor as fontes de tr\u00e1fego e transa\u00e7\u00f5es em nosso site. Os cookies tamb\u00e9m permitem que nossos servidores se lembrem das informa\u00e7\u00f5es da sua conta para visitas futuras e forne\u00e7am informa\u00e7\u00f5es personalizadas e simplificadas em p\u00e1ginas relacionadas do nosso site.<\/p>\n<p>Al\u00e9m disso, podemos usar suas informa\u00e7\u00f5es pessoais para nossos interesses comerciais leg\u00edtimos relacionados ao seu uso de nossos servi\u00e7os, incluindo:<\/p>\n<ul>\n<li>Responder \u00e0s suas perguntas e atender \u00e0s suas solicita\u00e7\u00f5es, concluir transa\u00e7\u00f5es, fornecer atendimento ao cliente, enviar informa\u00e7\u00f5es administrativas e personalizar sua experi\u00eancia com nossos servi\u00e7os.<\/li>\n<li>Compreender melhor nossos clientes em geral e melhorar o conte\u00fado e a funcionalidade do nosso site.<\/li>\n<li>Entrar em contato com voc\u00ea no futuro em rela\u00e7\u00e3o a servi\u00e7os, promo\u00e7\u00f5es, oportunidades e outras informa\u00e7\u00f5es gerais sobre a Callbox que acreditamos ser de seu interesse.<\/li>\n<li>Investigar e processar poss\u00edveis viola\u00e7\u00f5es de seguran\u00e7a ou acordos de licen\u00e7a da Callbox.<\/li>\n<li>Para outros fins que acreditamos ser necess\u00e1rios ou apropriados: (a) de acordo com a lei aplic\u00e1vel, incluindo leis fora do seu pa\u00eds de resid\u00eancia; (b) para cumprir processos legais; (c) para responder a solicita\u00e7\u00f5es de autoridades p\u00fablicas e governamentais, incluindo autoridades p\u00fablicas e governamentais fora do seu pa\u00eds de resid\u00eancia; (d) para cumprir nossos termos e condi\u00e7\u00f5es; (e) para proteger nossas opera\u00e7\u00f5es ou as de qualquer uma de nossas Afiliadas; (f) para proteger nossos direitos, privacidade, seguran\u00e7a ou propriedade e\/ou de nossas Afiliadas, voc\u00ea ou outras pessoas; e (g) para permitir que busquemos recursos dispon\u00edveis ou limitemos os danos que possamos sofrer.<\/li>\n<\/ul>\n<p>Nossa base legal para coletar e usar os dados pessoais descritos acima depender\u00e1 dos dados pessoais em quest\u00e3o e do contexto espec\u00edfico em que os coletamos. No entanto, normalmente coletaremos dados pessoais apenas quando: (1) o processamento estiver em nossos interesses leg\u00edtimos e n\u00e3o for substitu\u00eddo por seus direitos; (2) precisarmos dos dados pessoais para executar um contrato com voc\u00ea; ou (3) tivermos seu consentimento para faz\u00ea-lo. Em alguns casos, tamb\u00e9m podemos ter a obriga\u00e7\u00e3o legal de coletar dados pessoais de voc\u00ea.<\/p>\n<h2><b>3. Como compartilhamos suas informa\u00e7\u00f5es<\/b><\/h2>\n<p>N\u00e3o licenciamos nem vendemos informa\u00e7\u00f5es sobre o uso do nosso site para ningu\u00e9m. Compartilharemos essas informa\u00e7\u00f5es apenas com terceiros que concordaram em manter essas informa\u00e7\u00f5es confidenciais e proteger sua seguran\u00e7a, e apenas para facilitar uma das finalidades descritas nesta pol\u00edtica de privacidade em nome da Callbox.<\/p>\n<p>A Callbox n\u00e3o divulgar\u00e1 suas informa\u00e7\u00f5es pessoais a terceiros, exceto em conex\u00e3o com as finalidades descritas nesta pol\u00edtica de privacidade. Sempre que poss\u00edvel, a Callbox obter\u00e1 acordos de confidencialidade de qualquer pessoa ou entidade para quem suas informa\u00e7\u00f5es pessoais sejam divulgadas e garantir\u00e1 que os destinat\u00e1rios estejam comprometidos em empregar medidas adequadas de seguran\u00e7a tecnol\u00f3gica.<\/p>\n<p>No caso de fus\u00e3o, aquisi\u00e7\u00e3o, reorganiza\u00e7\u00e3o, fal\u00eancia ou outros eventos semelhantes, qualquer informa\u00e7\u00e3o em nossa posse pode ser transferida para nosso sucessor ou cession\u00e1rio.<\/p>\n<h2><b>4. Como protegemos suas informa\u00e7\u00f5es<\/b><\/h2>\n<p>A Callbox emprega medidas organizacionais, t\u00e9cnicas e administrativas apropriadas para proteger os dados pessoais dentro de nossa organiza\u00e7\u00e3o, incluindo controles de seguran\u00e7a para evitar acesso n\u00e3o autorizado aos nossos sistemas.<\/p>\n<p>Embora tomemos medidas razo\u00e1veis para manter a seguran\u00e7a de suas informa\u00e7\u00f5es pessoais, voc\u00ea deve entender que sempre h\u00e1 um n\u00edvel de risco ao compartilhar dados pessoais online. Se voc\u00ea tiver motivos para acreditar que sua intera\u00e7\u00e3o com nosso site n\u00e3o \u00e9 mais segura, informe-nos imediatamente, de acordo com a se\u00e7\u00e3o \"Como entrar em contato conosco para quest\u00f5es de privacidade\" abaixo.<\/p>\n<h2><b>5. Como voc\u00ea pode gerenciar e excluir suas informa\u00e7\u00f5es<\/b><\/h2>\n<p>Voc\u00ea pode acessar, corrigir, alterar, remover ou limitar o uso ou divulga\u00e7\u00e3o de suas informa\u00e7\u00f5es pessoais que a Callbox coletou e armazenou. Por favor, nos avise de acordo com a se\u00e7\u00e3o \"Como entrar em contato conosco para quest\u00f5es de privacidade\" abaixo.<\/p>\n<h2><b>6. Quais op\u00e7\u00f5es voc\u00ea tem<\/b><\/h2>\n<p>N\u00e3o exigimos que voc\u00ea forne\u00e7a informa\u00e7\u00f5es pessoais ao navegar no site, embora algumas p\u00e1ginas e conte\u00fados possam incluir op\u00e7\u00f5es para enviar seus dados pessoais, a fim de voc\u00ea acessar e utilizar plenamente os recursos ou funcionalidades do site.<\/p>\n<p>Voc\u00ea pode cancelar a assinatura de receber mensagens de marketing da Callbox clicando no link de cancelamento de inscri\u00e7\u00e3o em um e-mail. Cumprimentaremos sua solicita\u00e7\u00e3o o mais r\u00e1pido poss\u00edvel. Observe que, se voc\u00ea optar por n\u00e3o receber e-mails relacionados a marketing, ainda poderemos enviar mensagens administrativas importantes.<\/p>\n<h2><b>7. Como alteramos esta pol\u00edtica de privacidade e notificamos voc\u00ea das altera\u00e7\u00f5es<\/b><\/h2>\n<p>Esta pol\u00edtica de privacidade foi atualizada pela \u00faltima vez na data indicada acima. A Callbox pode fazer atualiza\u00e7\u00f5es e altera\u00e7\u00f5es nesta pol\u00edtica ao publicar uma pol\u00edtica atualizada em nosso site.<\/p>\n<h2><b>8. Como entrar em contato conosco para quest\u00f5es de privacidade<\/b><\/h2>\n<p class=\"translation-block\">Se voc\u00ea tiver alguma d\u00favida sobre nossa pol\u00edtica de privacidade, pr\u00e1ticas ou uso do nosso site, ou se desejar fazer qualquer solicita\u00e7\u00e3o conforme fornecido aqui, envie um e-mail para <a href=\"mailto:privacy@callboxinc.com\" target=\"_blank\" rel=\"noopener\">privacy@callboxinc.com<\/a>. Ou entre em contato conosco em:<\/p>\n<\/div><\/section><br \/>\n<div class='avia-data-table-wrap av-c8uyps4-86922983452c54d65be7abf27e739029 avia_responsive_table avia-table-1'><table  class='avia-table avia-data-table avia_pricing_default  avia-builder-el-5  el_after_av_textblock  avia-builder-el-last'  itemscope=\"itemscope\" itemtype=\"https:\/\/schema.org\/Table\" ><tbody><tr class=''><td class=''><b>USA (Toll Free)<\/b><\/td><td class=''>+1 888.810.7464<\/td><\/tr><tr class=''><td class=''><b>USA<\/b><\/td><td class=''>+1 310.439.5814<\/td><\/tr><tr class=''><td class=''><b>Singapore<\/b><\/td><td class=''>+65 3159.1112<\/td><\/tr><tr class=''><td class=''><b>Australia<\/b><\/td><td class=''>+61 2 9037.2248<\/td><\/tr><tr class=''><td class=''><b>New Zealand<\/b><\/td><td class=''>+64 9914.3122<\/td><\/tr><tr class=''><td class=''><b>Colombia<\/b><\/td><td class=''>+57 601 508 4456<\/td><\/tr><tr class=''><td class=''><b>Malaysia<\/b><\/td><td class=''>+60 3.9212.5776<\/td><\/tr><tr class=''><td class=''><b>Hong Kong<\/b><\/td><td class=''>+852 3678.6708<\/td><\/tr><tr class=''><td class=''><b>Reino Unido<\/b><\/td><td class=''>+44 20.74425066<\/td><\/tr><\/tbody><\/table><\/div><\/p><\/div>\n<style type=\"text\/css\" data-created_by=\"avia_inline_auto\" id=\"style-css-av-23bvt0-0672479eed5126df20abf79a00b776a3\">\n.flex_column.av-23bvt0-0672479eed5126df20abf79a00b776a3{\nborder-radius:0px 0px 0px 0px;\npadding:0px 0px 0px 0px;\n}\n<\/style>\n<div  class='flex_column av-23bvt0-0672479eed5126df20abf79a00b776a3 av_one_fifth  avia-builder-el-6  el_after_av_three_fifth  avia-builder-el-last  flex_column_div av-zero-column-padding'     ><\/div><\/p>","protected":false},"excerpt":{"rendered":"","protected":false},"author":1,"featured_media":0,"parent":0,"menu_order":0,"comment_status":"closed","ping_status":"closed","template":"","meta":{"_acf_changed":false,"footnotes":""},"categories":[],"tags":[],"class_list":["post-25636","page","type-page","status-publish","hentry"],"acf":{"page_faqs":false,"cb_acf_hero":{"h1_title":"","headline":"","description":"","image":false,"video":"","video_header":false,"cta_link":"","cta_link_hs":"","cta":"BOOK A MEETING"},"cb_asset":"","cb_web_property":"MAIN","cb_acf_relational":{"case_study":"","cs_industry_image":false},"cb_acf_testimonial":"","cb_regional_pages":false,"cb_acf_ctas":{"contact_form":"","banner_image":false,"goto_form_button":"BOOK A MEETING"},"cb_acf_post_alt":{"alt_post_title":"","alt_post_image":false,"alt_post_excerpt":"","alt_post_image_url":false},"has_contact_form":false,"dark_themed_form":false,"has_review_section":false,"leadgen_apac":false,"form_redirect_url":"","cb_banner_announcement":false,"hubspot_form_guid":"6c1dda45-65a3-49f4-9de6-7bc157f6abbb","faq_header_title":"","faq_header_desc":""},"featured_image_src":"https:\/\/www.callboxinc.com\/wp-includes\/images\/media\/default.svg","yoast_head":"<!-- This site is optimized with the Yoast SEO Premium plugin v27.3 (Yoast SEO v27.3) - https:\/\/yoast.com\/product\/yoast-seo-premium-wordpress\/ -->\n<title>Privacy Policy - Callbox Inc.<\/title>\n<meta name=\"description\" content=\"If you have any questions about our privacy policy, the practices, or use of our website, or would like to make any request as provided hereunder, please email us at\u00a0privacy@callboxinc.com.\" \/>\n<meta name=\"robots\" content=\"index, follow, max-snippet:-1, max-image-preview:large, max-video-preview:-1\" \/>\n<link rel=\"canonical\" href=\"https:\/\/www.callboxinc.com\/pt\/privacy\/\" \/>\n<meta property=\"og:locale\" content=\"en_US\" \/>\n<meta property=\"og:type\" content=\"article\" \/>\n<meta property=\"og:title\" content=\"Privacy Policy\" \/>\n<meta property=\"og:description\" content=\"If you have any questions about our privacy policy, the practices, or use of our website, or would like to make any request as provided hereunder, please email us at\u00a0privacy@callboxinc.com.\" \/>\n<meta property=\"og:url\" content=\"https:\/\/www.callboxinc.com\/pt\/privacy\/\" \/>\n<meta property=\"og:site_name\" content=\"Callbox Inc. - B2B Lead Generation Company\" \/>\n<meta property=\"article:publisher\" content=\"https:\/\/www.facebook.com\/Callbox\/\" \/>\n<meta property=\"article:modified_time\" content=\"2025-11-25T12:56:36+00:00\" \/>\n<meta property=\"og:image\" content=\"https:\/\/www.callboxinc.com\/wp-content\/uploads\/2021\/06\/callbox-featured-default.jpg\" \/>\n\t<meta property=\"og:image:width\" content=\"800\" \/>\n\t<meta property=\"og:image:height\" content=\"450\" \/>\n\t<meta property=\"og:image:type\" content=\"image\/jpeg\" \/>\n<meta name=\"twitter:card\" content=\"summary_large_image\" \/>\n<meta name=\"twitter:site\" content=\"@callboxinc\" \/>\n<meta name=\"twitter:label1\" content=\"Est. tempo de leitura\" \/>\n\t<meta name=\"twitter:data1\" content=\"6 minutos\" \/>\n<script type=\"application\/ld+json\" class=\"yoast-schema-graph\">{\"@context\":\"https:\\\/\\\/schema.org\",\"@graph\":[{\"@type\":\"WebPage\",\"@id\":\"https:\\\/\\\/www.callboxinc.com\\\/privacy\\\/\",\"url\":\"https:\\\/\\\/www.callboxinc.com\\\/privacy\\\/\",\"name\":\"Privacy Policy - Callbox Inc.\",\"isPartOf\":{\"@id\":\"https:\\\/\\\/www.callboxinc.com\\\/#website\"},\"datePublished\":\"2018-05-21T00:32:52+00:00\",\"dateModified\":\"2025-11-25T12:56:36+00:00\",\"description\":\"If you have any questions about our privacy policy, the practices, or use of our website, or would like to make any request as provided hereunder, please email us at\u00a0privacy@callboxinc.com.\",\"breadcrumb\":{\"@id\":\"https:\\\/\\\/www.callboxinc.com\\\/privacy\\\/#breadcrumb\"},\"inLanguage\":\"pt-BR\",\"potentialAction\":[{\"@type\":\"ReadAction\",\"target\":[\"https:\\\/\\\/www.callboxinc.com\\\/privacy\\\/\"]}]},{\"@type\":\"BreadcrumbList\",\"@id\":\"https:\\\/\\\/www.callboxinc.com\\\/privacy\\\/#breadcrumb\",\"itemListElement\":[{\"@type\":\"ListItem\",\"position\":1,\"name\":\"Home\",\"item\":\"https:\\\/\\\/www.callboxinc.com\\\/\"},{\"@type\":\"ListItem\",\"position\":2,\"name\":\"Privacy Policy\"}]},{\"@type\":\"WebSite\",\"@id\":\"https:\\\/\\\/www.callboxinc.com\\\/#website\",\"url\":\"https:\\\/\\\/www.callboxinc.com\\\/\",\"name\":\"Callbox Inc. - B2B Lead Generation Company\",\"description\":\"Drive sales with more leads, meetings, and data\",\"publisher\":{\"@id\":\"https:\\\/\\\/www.callboxinc.com\\\/#organization\"},\"potentialAction\":[{\"@type\":\"SearchAction\",\"target\":{\"@type\":\"EntryPoint\",\"urlTemplate\":\"https:\\\/\\\/www.callboxinc.com\\\/?s={search_term_string}\"},\"query-input\":{\"@type\":\"PropertyValueSpecification\",\"valueRequired\":true,\"valueName\":\"search_term_string\"}}],\"inLanguage\":\"pt-BR\"},{\"@type\":\"Organization\",\"@id\":\"https:\\\/\\\/www.callboxinc.com\\\/#organization\",\"name\":\"Callbox Inc.\",\"url\":\"https:\\\/\\\/www.callboxinc.com\\\/\",\"logo\":{\"@type\":\"ImageObject\",\"inLanguage\":\"pt-BR\",\"@id\":\"https:\\\/\\\/www.callboxinc.com\\\/#\\\/schema\\\/logo\\\/image\\\/\",\"url\":\"https:\\\/\\\/www.callboxinc.com\\\/wp-content\\\/uploads\\\/2019\\\/11\\\/logo.png\",\"contentUrl\":\"https:\\\/\\\/www.callboxinc.com\\\/wp-content\\\/uploads\\\/2019\\\/11\\\/logo.png\",\"width\":107,\"height\":56,\"caption\":\"Callbox Inc.\"},\"image\":{\"@id\":\"https:\\\/\\\/www.callboxinc.com\\\/#\\\/schema\\\/logo\\\/image\\\/\"},\"sameAs\":[\"https:\\\/\\\/www.facebook.com\\\/Callbox\\\/\",\"https:\\\/\\\/x.com\\\/callboxinc\",\"https:\\\/\\\/linkedin.com\\\/company\\\/callbox-encino-california\",\"https:\\\/\\\/www.pinterest.com\\\/callboxinc\\\/\",\"https:\\\/\\\/www.youtube.com\\\/channel\\\/UCtItzDF9eq58Jnw3u6x_7jg\\\/\"]}]}<\/script>\n<!-- \/ Yoast SEO Premium plugin. -->","yoast_head_json":{"title":"Pol\u00edtica de Privacidade - Callbox Inc.","description":"Se voc\u00ea tiver alguma pergunta sobre nossa pol\u00edtica de privacidade, as pr\u00e1ticas ou o uso de nosso site, ou desejar fazer alguma solicita\u00e7\u00e3o conforme indicado abaixo, por favor nos envie um e-mail para privacy@callboxinc.com.","robots":{"index":"index","follow":"follow","max-snippet":"max-snippet:-1","max-image-preview":"max-image-preview:large","max-video-preview":"max-video-preview:-1"},"canonical":"https:\/\/www.callboxinc.com\/pt\/privacy\/","og_locale":"en_US","og_type":"article","og_title":"Privacy Policy","og_description":"If you have any questions about our privacy policy, the practices, or use of our website, or would like to make any request as provided hereunder, please email us at\u00a0privacy@callboxinc.com.","og_url":"https:\/\/www.callboxinc.com\/pt\/privacy\/","og_site_name":"Callbox Inc. - B2B Lead Generation Company","article_publisher":"https:\/\/www.facebook.com\/Callbox\/","article_modified_time":"2025-11-25T12:56:36+00:00","og_image":[{"width":800,"height":450,"url":"https:\/\/www.callboxinc.com\/wp-content\/uploads\/2021\/06\/callbox-featured-default.jpg","type":"image\/jpeg"}],"twitter_card":"summary_large_image","twitter_site":"@callboxinc","twitter_misc":{"Est. tempo de leitura":"6 minutos"},"schema":{"@context":"https:\/\/schema.org","@graph":[{"@type":"WebPage","@id":"https:\/\/www.callboxinc.com\/privacy\/","url":"https:\/\/www.callboxinc.com\/privacy\/","name":"Pol\u00edtica de Privacidade - Callbox Inc.","isPartOf":{"@id":"https:\/\/www.callboxinc.com\/#website"},"datePublished":"2018-05-21T00:32:52+00:00","dateModified":"2025-11-25T12:56:36+00:00","description":"Se voc\u00ea tiver alguma pergunta sobre nossa pol\u00edtica de privacidade, as pr\u00e1ticas ou o uso de nosso site, ou desejar fazer alguma solicita\u00e7\u00e3o conforme indicado abaixo, por favor nos envie um e-mail para privacy@callboxinc.com.","breadcrumb":{"@id":"https:\/\/www.callboxinc.com\/privacy\/#breadcrumb"},"inLanguage":"pt-BR","potentialAction":[{"@type":"ReadAction","target":["https:\/\/www.callboxinc.com\/privacy\/"]}]},{"@type":"BreadcrumbList","@id":"https:\/\/www.callboxinc.com\/privacy\/#breadcrumb","itemListElement":[{"@type":"ListItem","position":1,"name":"Home","item":"https:\/\/www.callboxinc.com\/"},{"@type":"ListItem","position":2,"name":"Privacy Policy"}]},{"@type":"WebSite","@id":"https:\/\/www.callboxinc.com\/#website","url":"https:\/\/www.callboxinc.com\/","name":"Callbox Inc. - Empresa de Gera\u00e7\u00e3o de Leads B2B","description":"Drive sales with more leads, meetings, and data","publisher":{"@id":"https:\/\/www.callboxinc.com\/#organization"},"potentialAction":[{"@type":"SearchAction","target":{"@type":"EntryPoint","urlTemplate":"https:\/\/www.callboxinc.com\/?s={search_term_string}"},"query-input":{"@type":"PropertyValueSpecification","valueRequired":true,"valueName":"search_term_string"}}],"inLanguage":"pt-BR"},{"@type":"Organization","@id":"https:\/\/www.callboxinc.com\/#organization","name":"Callbox Inc.","url":"https:\/\/www.callboxinc.com\/","logo":{"@type":"ImageObject","inLanguage":"pt-BR","@id":"https:\/\/www.callboxinc.com\/#\/schema\/logo\/image\/","url":"https:\/\/www.callboxinc.com\/wp-content\/uploads\/2019\/11\/logo.png","contentUrl":"https:\/\/www.callboxinc.com\/wp-content\/uploads\/2019\/11\/logo.png","width":107,"height":56,"caption":"Callbox Inc."},"image":{"@id":"https:\/\/www.callboxinc.com\/#\/schema\/logo\/image\/"},"sameAs":["https:\/\/www.facebook.com\/Callbox\/","https:\/\/x.com\/callboxinc","https:\/\/linkedin.com\/company\/callbox-encino-california","https:\/\/www.pinterest.com\/callboxinc\/","https:\/\/www.youtube.com\/channel\/UCtItzDF9eq58Jnw3u6x_7jg\/"]}]}},"_links":{"self":[{"href":"https:\/\/www.callboxinc.com\/pt\/wp-json\/wp\/v2\/pages\/25636","targetHints":{"allow":["GET"]}}],"collection":[{"href":"https:\/\/www.callboxinc.com\/pt\/wp-json\/wp\/v2\/pages"}],"about":[{"href":"https:\/\/www.callboxinc.com\/pt\/wp-json\/wp\/v2\/types\/page"}],"author":[{"embeddable":true,"href":"https:\/\/www.callboxinc.com\/pt\/wp-json\/wp\/v2\/users\/1"}],"replies":[{"embeddable":true,"href":"https:\/\/www.callboxinc.com\/pt\/wp-json\/wp\/v2\/comments?post=25636"}],"version-history":[{"count":32,"href":"https:\/\/www.callboxinc.com\/pt\/wp-json\/wp\/v2\/pages\/25636\/revisions"}],"predecessor-version":[{"id":117565,"href":"https:\/\/www.callboxinc.com\/pt\/wp-json\/wp\/v2\/pages\/25636\/revisions\/117565"}],"wp:attachment":[{"href":"https:\/\/www.callboxinc.com\/pt\/wp-json\/wp\/v2\/media?parent=25636"}],"wp:term":[{"taxonomy":"category","embeddable":true,"href":"https:\/\/www.callboxinc.com\/pt\/wp-json\/wp\/v2\/categories?post=25636"},{"taxonomy":"post_tag","embeddable":true,"href":"https:\/\/www.callboxinc.com\/pt\/wp-json\/wp\/v2\/tags?post=25636"}],"curies":[{"name":"wp","href":"https:\/\/api.w.org\/{rel}","templated":true}]}}