{"id":85475,"date":"2023-02-01T08:50:43","date_gmt":"2023-02-01T13:50:43","guid":{"rendered":"https:\/\/www.callboxinc.com\/?page_id=85475"},"modified":"2024-09-04T15:17:34","modified_gmt":"2024-09-04T19:17:34","slug":"lead-generation-services-oakland-ca","status":"publish","type":"page","link":"https:\/\/www.callboxinc.com\/latam\/lead-generation-services-oakland-ca\/","title":{"rendered":"Lead Generation Services in Oakland, CA"},"content":{"rendered":"","protected":false},"excerpt":{"rendered":"<p>Partner with Callbox and gain award-winning B2B lead generation services in New York that help you connect with potential customers in several key verticals.<\/p>","protected":false},"author":1,"featured_media":85774,"parent":0,"menu_order":0,"comment_status":"closed","ping_status":"closed","template":"template-leadgen-locations.php","meta":{"_acf_changed":false,"footnotes":""},"categories":[],"tags":[],"class_list":["post-85475","page","type-page","status-publish","has-post-thumbnail","hentry"],"acf":{"cb_asset":"","cb_acf_hero":{"h1_title":"Lead Generation Services in Oakland, CA","headline":"<h2 class=\"hero\">Drive Success with Expert Sales Lead Generation Services in Oakland, CA<\/h2>\n","description":"<p>Libere el potencial sin explotar de su negocio con nuestros servicios estrat\u00e9gicos de generaci\u00f3n de prospectos en Oakland, CA. Prep\u00e1rese para presenciar un crecimiento exponencial, mayores ventas y un flujo constante de clientes potenciales calificados en su negocio. \u00a1As\u00f3ciese con nosotros hoy y domine su mercado!<\/p>","image":"https:\/\/www.callboxinc.com\/wp-content\/uploads\/2023\/06\/Oakland.png","video":"","video_header":false,"cta_link":{"title":"RESERVA UNA CONSULTA","url":"#contact-us","target":""},"cta_link_hs":{"title":"Hablar con Ventas","url":"https:\/\/meetings.hubspot.com\/callbox-customer-success\/us\/?utm_source=LPoakland","target":""},"cta":"BOOK A MEETING"},"cb_web_property":"MAIN","cb_acf_relational":{"case_study":[{"ID":47191,"post_author":"1","post_date":"2019-05-29 18:52:48","post_date_gmt":"2019-05-29 22:52:48","post_content":"<!-- wp:heading -->\n<h2 class=\"wp-block-heading\" id=\"h-the-client\">The Client<\/h2>\n<!-- \/wp:heading -->\n\n<!-- wp:paragraph -->\n<p>The Client provides managed IT and IT consulting services to manufacturing, industrial, food and beverage, and media organizations throughout the United States. The company specializes in IT support, advisory, cloud, procurement, and networking solutions.<\/p>\n<!-- \/wp:paragraph -->\n\n<!-- wp:heading -->\n<h2 class=\"wp-block-heading\" id=\"h-the-challenge\">The Challenge<\/h2>\n<!-- \/wp:heading -->\n\n<!-- wp:paragraph -->\n<p>Callbox has been a key partner in the Client\u2019s customer acquisition program for nearly a decade now, outsourcing much of its prospecting activities and receiving the bulk of its outbound leads and appointments from the former carried out regularly throughout each year.<\/p>\n<!-- \/wp:paragraph -->\n\n<!-- wp:paragraph -->\n<p>When Callbox implemented an account-based appointment setting process, the Client was among the first to adopt the strategy, and apparently among the first to benefit from it in acquiring new business.<\/p>\n<!-- \/wp:paragraph -->\n\n<!-- wp:paragraph -->\n<p>With ABM, the Client aimed to capture high-value deals by engaging multiple contacts in an organization. According to the Client, they\u2019ve observed that IT buying decisions now have to pass through different layers of decision makers. Oftentimes this means reps need to speak to multiple roles within the target company just to get their foot in the door.<\/p>\n<!-- \/wp:paragraph -->\n\n<!-- wp:heading -->\n<h2 class=\"wp-block-heading\" id=\"h-the-callbox-solution\">The Callbox Solution<\/h2>\n<!-- \/wp:heading -->\n\n<!-- wp:paragraph -->\n<p>Callbox and the Client worked out a detailed plan for a six-month account-based appointment setting campaign which applied Callbox\u2019s proven multi-touch, multi-channel outreach capabilities to connect with multiple relevant IT purchase stakeholders in the target accounts. The campaign consisted of:<\/p>\n<!-- \/wp:paragraph -->\n\n<!-- wp:list -->\n<ul><!-- wp:list-item -->\n<li>Multi-Channel Lead Management via Voice, Email, Chat, Web, Social Media, and Webinar<\/li>\n<!-- \/wp:list-item -->\n\n<!-- wp:list-item -->\n<li>Sales Enablement &amp; Support that covered Team Training, Account Setup, and Back Office Sales Support<\/li>\n<!-- \/wp:list-item -->\n\n<!-- wp:list-item -->\n<li>Tools &amp; Subscriptions to Callbox Pipeline and HubSpot CRM<\/li>\n<!-- \/wp:list-item -->\n\n<!-- wp:list-item -->\n<li>Account Management with Strategy Building, Reporting, and Product Knowledge<\/li>\n<!-- \/wp:list-item --><\/ul>\n<!-- \/wp:list -->\n\n<!-- wp:heading -->\n<h2 class=\"wp-block-heading\" id=\"h-the-goals\">The Goals<\/h2>\n<!-- \/wp:heading -->\n\n<!-- wp:list -->\n<ul><!-- wp:list-item -->\n<li>The Callbox team was to help them initiate the ABM process, so that their reps could focus on moving the sales conversation forward.\u00a0<\/li>\n<!-- \/wp:list-item -->\n\n<!-- wp:list-item -->\n<li>Callbox was also to conduct market research, account selection, account profiling, and targeted outreach.<\/li>\n<!-- \/wp:list-item -->\n\n<!-- wp:list-item -->\n<li>Set meetings with interested prospects for the Client sales reps<\/li>\n<!-- \/wp:list-item --><\/ul>\n<!-- \/wp:list -->\n\n<!-- wp:heading -->\n<h2 class=\"wp-block-heading\" id=\"h-account-research-and-selection\">Account Research and Selection<\/h2>\n<!-- \/wp:heading -->\n\n<!-- wp:list {\"ordered\":true} -->\n<ol><!-- wp:list-item -->\n<li>Callbox helped analyze and refine the Client\u2019s ideal customer profile (ICP) that served as the basis for identifying which companies to include as target accounts.<\/li>\n<!-- \/wp:list-item -->\n\n<!-- wp:list-item -->\n<li>The Client indicated specific industries, annual revenues, employee size, technologies in use, and other business characteristics that their best-fit accounts had.<\/li>\n<!-- \/wp:list-item -->\n\n<!-- wp:list-item -->\n<li>Callbox then compiled a list of potential accounts to target, which was reviewed and approved by the Client.<\/li>\n<!-- \/wp:list-item --><\/ol>\n<!-- \/wp:list -->\n\n<!-- wp:heading -->\n<h2 class=\"wp-block-heading\" id=\"h-account-and-prospect-profiling\">Account and Prospect Profiling<\/h2>\n<!-- \/wp:heading -->\n\n<!-- wp:list {\"ordered\":true} -->\n<ol><!-- wp:list-item -->\n<li>The Client provided buyer persona profiles of prospects they want the outbound campaign to engage. The profiles consisted of detailed demographic and firmographic descriptions.<\/li>\n<!-- \/wp:list-item -->\n\n<!-- wp:list-item -->\n<li>Two buyer personas were designated as the campaign\u2019s primary targets: mid-level IT managers and C-level IT decision makers.<\/li>\n<!-- \/wp:list-item -->\n\n<!-- wp:list-item -->\n<li>The master contact list was segmented based on these two personas and further grouped according to industry, business size, and technologies in use.<\/li>\n<!-- \/wp:list-item --><\/ol>\n<!-- \/wp:list -->\n\n<!-- wp:heading -->\n<h2 class=\"wp-block-heading\" id=\"h-multi-touch-multi-channel-outreach\">Multi-touch, Multi-channel Outreach<\/h2>\n<!-- \/wp:heading -->\n\n<!-- wp:list {\"ordered\":true} -->\n<ol><!-- wp:list-item -->\n<li>The campaign combined phone, email, LinkedIn, and PPC channels to maximize engagement with the target prospects.<\/li>\n<!-- \/wp:list-item -->\n\n<!-- wp:list-item -->\n<li>The touches were carried out based on a combination of automated lead nurturing and interactions with live agents.<\/li>\n<!-- \/wp:list-item -->\n\n<!-- wp:list-item -->\n<li>Messaging (used in scripts, email copies, page content, ad copies, etc.) was tailored according to the buyer personas and contact segments.<\/li>\n<!-- \/wp:list-item --><\/ol>\n<!-- \/wp:list -->\n\n<!-- wp:heading -->\n<h2 class=\"wp-block-heading\" id=\"h-results\">Results<\/h2>\n<!-- \/wp:heading -->\n\n<!-- wp:paragraph -->\n<p>The Account-based Marketing Lead Generation campaign produced a total of 89 Sales Qualified Leads, and 134 Marketing Qualified Leads.<\/p>\n<!-- \/wp:paragraph -->\n\n<!-- wp:paragraph -->\n<p>Since the qualified appointments represented best-fit, highly-interested opportunities, the Client expected to convert the bulk of these into new accounts, though they did not specify their forecast.<\/p>\n<!-- \/wp:paragraph -->\n\n<!-- wp:paragraph -->\n<p>The Client continues to have Callbox as a marketing partner. Currently, Callbox is running a new six-month account-based appointment setting campaign for the Client.<\/p>\n<!-- \/wp:paragraph -->","post_title":"ABM Campaign Puts Business IT Firm in Front of Best-Fit Customers","post_excerpt":"ABM efforts can be hard to scale. This B2B IT company managed to overcome this challenge, thanks to Callbox\u2019s account-based appointment setting strategy.","post_status":"publish","comment_status":"closed","ping_status":"closed","post_password":"","post_name":"account-based-appointment-setting-for-it-firm","to_ping":"","pinged":"","post_modified":"2025-03-10 21:53:31","post_modified_gmt":"2025-03-11 01:53:31","post_content_filtered":"","post_parent":3796,"guid":"https:\/\/www.callboxinc.com\/?page_id=47191","menu_order":0,"post_type":"page","post_mime_type":"","comment_count":"0","filter":"raw"}],"cs_industry_image":false},"cb_acf_testimonial":"","cb_regional_pages":false,"cb_acf_ctas":{"contact_form":"Take your sales to the next level and gain B2B sales opportunities in Oakland. Schedule a FREE consultation.","banner_image":false,"goto_form_button":"BOOK A MEETING"},"cb_acf_post_alt":{"alt_post_title":"","alt_post_image":false,"alt_post_excerpt":"","alt_post_image_url":false},"page_faqs":false,"has_contact_form":true,"challenge_section":{"challenge_subtitle":"Oakland Lead Generation Services","challenge_headline":"Effective B2B Lead Generation in Oakland","challenge_desc":"<p>Drive growth and expand your business footprint in Oakland with Callbox&#8217;s specialized B2B lead generation expertise.<\/p>\n","challenge_featured_image":false,"challenge_featured_image_sg":false,"challenge_featured_image_au":false,"cards_title":"","three_cards":false,"challenge_cards":[{"image":false,"title":"Tech-savvy Lead Generation","description":"Utilize cutting-edge technology and strategies to generate high-quality leads from Oakland's advanced market."},{"image":false,"title":"Localized Engagement","description":"Tailored campaigns designed to resonate with businesses in Oakland, optimizing engagement and conversion rates."},{"image":false,"title":"Data-driven Insights","description":"Analyze market trends and consumer behavior in Oakland to refine lead generation strategies and drive performance."},{"image":false,"title":"Comprehensive Industry Coverage","description":"Sector-specific knowledge across Oakland's diverse industries to address specific market challenges and opportunities."}],"challenge_cta_text":"","challenge_cta_button":null},"why_callbox":{"hide_this_section":false,"alternating_subtitle":"","alternating_headline":"Why Callbox","alternating_desc":"","alternating_sections":[{"title":"","description":"","image":false,"image_sg":false,"image_au":false,"cta":""},{"title":"","description":"","image":false,"image_sg":false,"image_au":false,"cta":""},{"title":"","description":"","image":false,"image_sg":false,"image_au":false,"cta":""}]},"callbox_stats":{"stas_headline":"","cards":[{"stat":"","title":"","desc":""},{"stat":"","title":"","desc":""},{"stat":"","title":"","desc":""},{"stat":"","title":"","desc":""}],"stats_cta_title":"","stats_cta_button":null},"callbox_reviews":{"primary_heading":"","secondary_heading":"","reviews_data":false},"dark_themed_form":false,"has_review_section":false,"cb_banner_announcement":false,"has_verticals":false},"featured_image_src":"https:\/\/www.callboxinc.com\/wp-content\/uploads\/2023\/02\/Featured-Images-6.png","yoast_head":"<!-- This site is optimized with the Yoast SEO Premium plugin v27.1 (Yoast SEO v27.1.1) - https:\/\/yoast.com\/product\/yoast-seo-premium-wordpress\/ -->\n<title>Lead Generation Services in Oakland, CA - Callbox<\/title>\n<meta name=\"description\" content=\"Callbox is a lead generation company in Oakland, CA, that specializes in providing high-quality data services for B2B businesses.\" \/>\n<meta name=\"robots\" content=\"index, follow, max-snippet:-1, max-image-preview:large, max-video-preview:-1\" \/>\n<link rel=\"canonical\" href=\"https:\/\/www.callboxinc.com\/latam\/lead-generation-services-oakland-ca\/\" \/>\n<meta property=\"og:locale\" content=\"en_US\" \/>\n<meta property=\"og:type\" content=\"article\" \/>\n<meta property=\"og:title\" content=\"Lead Generation Services in Oakland, CA - Callbox\" \/>\n<meta property=\"og:description\" content=\"Callbox is a lead generation company in Oakland, CA, that specializes in providing high-quality data services for B2B businesses.\" \/>\n<meta property=\"og:url\" content=\"https:\/\/www.callboxinc.com\/latam\/lead-generation-services-oakland-ca\/\" \/>\n<meta property=\"og:site_name\" content=\"Callbox Inc. - B2B Lead Generation Company\" \/>\n<meta property=\"article:publisher\" content=\"https:\/\/www.facebook.com\/Callbox\/\" \/>\n<meta property=\"article:modified_time\" content=\"2024-09-04T19:17:34+00:00\" \/>\n<meta property=\"og:image\" content=\"https:\/\/www.callboxinc.com\/wp-content\/uploads\/2023\/02\/Featured-Images-6.png\" \/>\n\t<meta property=\"og:image:width\" content=\"1200\" \/>\n\t<meta property=\"og:image:height\" content=\"628\" \/>\n\t<meta property=\"og:image:type\" content=\"image\/png\" \/>\n<meta name=\"twitter:card\" content=\"summary_large_image\" \/>\n<meta name=\"twitter:title\" content=\"Lead Generation Services in Oakland, CA - Callbox\" \/>\n<meta name=\"twitter:description\" content=\"Callbox is a lead generation company in Oakland, CA, that specializes in providing high-quality data services for B2B businesses.\" \/>\n<meta name=\"twitter:site\" content=\"@callboxinc\" \/>\n<script type=\"application\/ld+json\" class=\"yoast-schema-graph\">{\"@context\":\"https:\/\/schema.org\",\"@graph\":[{\"@type\":\"WebPage\",\"@id\":\"https:\/\/www.callboxinc.com\/lead-generation-services-oakland-ca\/\",\"url\":\"https:\/\/www.callboxinc.com\/lead-generation-services-oakland-ca\/\",\"name\":\"Lead Generation Services in Oakland, CA - Callbox\",\"isPartOf\":{\"@id\":\"https:\/\/www.callboxinc.com\/#website\"},\"primaryImageOfPage\":{\"@id\":\"https:\/\/www.callboxinc.com\/lead-generation-services-oakland-ca\/#primaryimage\"},\"image\":{\"@id\":\"https:\/\/www.callboxinc.com\/lead-generation-services-oakland-ca\/#primaryimage\"},\"thumbnailUrl\":\"https:\/\/www.callboxinc.com\/wp-content\/uploads\/2023\/02\/Featured-Images-6.png\",\"datePublished\":\"2023-02-01T13:50:43+00:00\",\"dateModified\":\"2024-09-04T19:17:34+00:00\",\"description\":\"Callbox is a lead generation company in Oakland, CA, that specializes in providing high-quality data services for B2B businesses.\",\"breadcrumb\":{\"@id\":\"https:\/\/www.callboxinc.com\/lead-generation-services-oakland-ca\/#breadcrumb\"},\"inLanguage\":\"es-CO\",\"potentialAction\":[{\"@type\":\"ReadAction\",\"target\":[\"https:\/\/www.callboxinc.com\/lead-generation-services-oakland-ca\/\"]}]},{\"@type\":\"ImageObject\",\"inLanguage\":\"es-CO\",\"@id\":\"https:\/\/www.callboxinc.com\/lead-generation-services-oakland-ca\/#primaryimage\",\"url\":\"https:\/\/www.callboxinc.com\/wp-content\/uploads\/2023\/02\/Featured-Images-6.png\",\"contentUrl\":\"https:\/\/www.callboxinc.com\/wp-content\/uploads\/2023\/02\/Featured-Images-6.png\",\"width\":1200,\"height\":628},{\"@type\":\"BreadcrumbList\",\"@id\":\"https:\/\/www.callboxinc.com\/lead-generation-services-oakland-ca\/#breadcrumb\",\"itemListElement\":[{\"@type\":\"ListItem\",\"position\":1,\"name\":\"Home\",\"item\":\"https:\/\/www.callboxinc.com\/\"},{\"@type\":\"ListItem\",\"position\":2,\"name\":\"Lead Generation Services in Oakland, CA\"}]},{\"@type\":\"WebSite\",\"@id\":\"https:\/\/www.callboxinc.com\/#website\",\"url\":\"https:\/\/www.callboxinc.com\/\",\"name\":\"Callbox Inc. - B2B Lead Generation Company\",\"description\":\"Drive sales with more leads, meetings, and data\",\"publisher\":{\"@id\":\"https:\/\/www.callboxinc.com\/#organization\"},\"potentialAction\":[{\"@type\":\"SearchAction\",\"target\":{\"@type\":\"EntryPoint\",\"urlTemplate\":\"https:\/\/www.callboxinc.com\/?s={search_term_string}\"},\"query-input\":{\"@type\":\"PropertyValueSpecification\",\"valueRequired\":true,\"valueName\":\"search_term_string\"}}],\"inLanguage\":\"es-CO\"},{\"@type\":\"Organization\",\"@id\":\"https:\/\/www.callboxinc.com\/#organization\",\"name\":\"Callbox Inc.\",\"url\":\"https:\/\/www.callboxinc.com\/\",\"logo\":{\"@type\":\"ImageObject\",\"inLanguage\":\"es-CO\",\"@id\":\"https:\/\/www.callboxinc.com\/#\/schema\/logo\/image\/\",\"url\":\"https:\/\/www.callboxinc.com\/wp-content\/uploads\/2019\/11\/logo.png\",\"contentUrl\":\"https:\/\/www.callboxinc.com\/wp-content\/uploads\/2019\/11\/logo.png\",\"width\":107,\"height\":56,\"caption\":\"Callbox Inc.\"},\"image\":{\"@id\":\"https:\/\/www.callboxinc.com\/#\/schema\/logo\/image\/\"},\"sameAs\":[\"https:\/\/www.facebook.com\/Callbox\/\",\"https:\/\/x.com\/callboxinc\",\"https:\/\/linkedin.com\/company\/callbox-encino-california\",\"https:\/\/www.pinterest.com\/callboxinc\/\",\"https:\/\/www.youtube.com\/channel\/UCtItzDF9eq58Jnw3u6x_7jg\/\"]}]}<\/script>\n<!-- \/ Yoast SEO Premium plugin. -->","yoast_head_json":{"title":"Lead Generation Services in Oakland, CA - Callbox","description":"Callbox is a lead generation company in Oakland, CA, that specializes in providing high-quality data services for B2B businesses.","robots":{"index":"index","follow":"follow","max-snippet":"max-snippet:-1","max-image-preview":"max-image-preview:large","max-video-preview":"max-video-preview:-1"},"canonical":"https:\/\/www.callboxinc.com\/latam\/lead-generation-services-oakland-ca\/","og_locale":"en_US","og_type":"article","og_title":"Lead Generation Services in Oakland, CA - Callbox","og_description":"Callbox is a lead generation company in Oakland, CA, that specializes in providing high-quality data services for B2B businesses.","og_url":"https:\/\/www.callboxinc.com\/latam\/lead-generation-services-oakland-ca\/","og_site_name":"Callbox Inc. - B2B Lead Generation Company","article_publisher":"https:\/\/www.facebook.com\/Callbox\/","article_modified_time":"2024-09-04T19:17:34+00:00","og_image":[{"width":1200,"height":628,"url":"https:\/\/www.callboxinc.com\/wp-content\/uploads\/2023\/02\/Featured-Images-6.png","type":"image\/png"}],"twitter_card":"summary_large_image","twitter_title":"Lead Generation Services in Oakland, CA - Callbox","twitter_description":"Callbox is a lead generation company in Oakland, CA, that specializes in providing high-quality data services for B2B businesses.","twitter_site":"@callboxinc","schema":{"@context":"https:\/\/schema.org","@graph":[{"@type":"WebPage","@id":"https:\/\/www.callboxinc.com\/lead-generation-services-oakland-ca\/","url":"https:\/\/www.callboxinc.com\/lead-generation-services-oakland-ca\/","name":"Lead Generation Services in Oakland, CA - Callbox","isPartOf":{"@id":"https:\/\/www.callboxinc.com\/#website"},"primaryImageOfPage":{"@id":"https:\/\/www.callboxinc.com\/lead-generation-services-oakland-ca\/#primaryimage"},"image":{"@id":"https:\/\/www.callboxinc.com\/lead-generation-services-oakland-ca\/#primaryimage"},"thumbnailUrl":"https:\/\/www.callboxinc.com\/wp-content\/uploads\/2023\/02\/Featured-Images-6.png","datePublished":"2023-02-01T13:50:43+00:00","dateModified":"2024-09-04T19:17:34+00:00","description":"Callbox is a lead generation company in Oakland, CA, that specializes in providing high-quality data services for B2B businesses.","breadcrumb":{"@id":"https:\/\/www.callboxinc.com\/lead-generation-services-oakland-ca\/#breadcrumb"},"inLanguage":"es-CO","potentialAction":[{"@type":"ReadAction","target":["https:\/\/www.callboxinc.com\/lead-generation-services-oakland-ca\/"]}]},{"@type":"ImageObject","inLanguage":"es-CO","@id":"https:\/\/www.callboxinc.com\/lead-generation-services-oakland-ca\/#primaryimage","url":"https:\/\/www.callboxinc.com\/wp-content\/uploads\/2023\/02\/Featured-Images-6.png","contentUrl":"https:\/\/www.callboxinc.com\/wp-content\/uploads\/2023\/02\/Featured-Images-6.png","width":1200,"height":628},{"@type":"BreadcrumbList","@id":"https:\/\/www.callboxinc.com\/lead-generation-services-oakland-ca\/#breadcrumb","itemListElement":[{"@type":"ListItem","position":1,"name":"Home","item":"https:\/\/www.callboxinc.com\/"},{"@type":"ListItem","position":2,"name":"Lead Generation Services in Oakland, CA"}]},{"@type":"WebSite","@id":"https:\/\/www.callboxinc.com\/#website","url":"https:\/\/www.callboxinc.com\/","name":"Callbox Inc. - Agencia de generaci\u00f3n de prospectos B2B","description":"Drive sales with more leads, meetings, and data","publisher":{"@id":"https:\/\/www.callboxinc.com\/#organization"},"potentialAction":[{"@type":"SearchAction","target":{"@type":"EntryPoint","urlTemplate":"https:\/\/www.callboxinc.com\/?s={search_term_string}"},"query-input":{"@type":"PropertyValueSpecification","valueRequired":true,"valueName":"search_term_string"}}],"inLanguage":"es-CO"},{"@type":"Organization","@id":"https:\/\/www.callboxinc.com\/#organization","name":"Callbox Inc.","url":"https:\/\/www.callboxinc.com\/","logo":{"@type":"ImageObject","inLanguage":"es-CO","@id":"https:\/\/www.callboxinc.com\/#\/schema\/logo\/image\/","url":"https:\/\/www.callboxinc.com\/wp-content\/uploads\/2019\/11\/logo.png","contentUrl":"https:\/\/www.callboxinc.com\/wp-content\/uploads\/2019\/11\/logo.png","width":107,"height":56,"caption":"Callbox Inc."},"image":{"@id":"https:\/\/www.callboxinc.com\/#\/schema\/logo\/image\/"},"sameAs":["https:\/\/www.facebook.com\/Callbox\/","https:\/\/x.com\/callboxinc","https:\/\/linkedin.com\/company\/callbox-encino-california","https:\/\/www.pinterest.com\/callboxinc\/","https:\/\/www.youtube.com\/channel\/UCtItzDF9eq58Jnw3u6x_7jg\/"]}]}},"_links":{"self":[{"href":"https:\/\/www.callboxinc.com\/latam\/wp-json\/wp\/v2\/pages\/85475","targetHints":{"allow":["GET"]}}],"collection":[{"href":"https:\/\/www.callboxinc.com\/latam\/wp-json\/wp\/v2\/pages"}],"about":[{"href":"https:\/\/www.callboxinc.com\/latam\/wp-json\/wp\/v2\/types\/page"}],"author":[{"embeddable":true,"href":"https:\/\/www.callboxinc.com\/latam\/wp-json\/wp\/v2\/users\/1"}],"replies":[{"embeddable":true,"href":"https:\/\/www.callboxinc.com\/latam\/wp-json\/wp\/v2\/comments?post=85475"}],"version-history":[{"count":20,"href":"https:\/\/www.callboxinc.com\/latam\/wp-json\/wp\/v2\/pages\/85475\/revisions"}],"predecessor-version":[{"id":118338,"href":"https:\/\/www.callboxinc.com\/latam\/wp-json\/wp\/v2\/pages\/85475\/revisions\/118338"}],"wp:featuredmedia":[{"embeddable":true,"href":"https:\/\/www.callboxinc.com\/latam\/wp-json\/wp\/v2\/media\/85774"}],"wp:attachment":[{"href":"https:\/\/www.callboxinc.com\/latam\/wp-json\/wp\/v2\/media?parent=85475"}],"wp:term":[{"taxonomy":"category","embeddable":true,"href":"https:\/\/www.callboxinc.com\/latam\/wp-json\/wp\/v2\/categories?post=85475"},{"taxonomy":"post_tag","embeddable":true,"href":"https:\/\/www.callboxinc.com\/latam\/wp-json\/wp\/v2\/tags?post=85475"}],"curies":[{"name":"wp","href":"https:\/\/api.w.org\/{rel}","templated":true}]}}