{"id":25636,"date":"2018-05-21T08:32:52","date_gmt":"2018-05-21T00:32:52","guid":{"rendered":"https:\/\/www.callboxinc.com\/?page_id=25636"},"modified":"2025-11-25T07:56:36","modified_gmt":"2025-11-25T12:56:36","slug":"privacy","status":"publish","type":"page","link":"https:\/\/www.callboxinc.com\/latam\/privacy\/","title":{"rendered":"Pol\u00edtica de Privacidad de Callbox"},"content":{"rendered":"<style type=\"text\/css\" data-created_by=\"avia_inline_auto\" id=\"style-css-av-f9r9jno-15ccff5e379e1202d17c4b9c21b19778\">\n.flex_column.av-f9r9jno-15ccff5e379e1202d17c4b9c21b19778{\nborder-radius:0px 0px 0px 0px;\npadding:0px 0px 0px 0px;\n}\n<\/style>\n<div  class='flex_column av-f9r9jno-15ccff5e379e1202d17c4b9c21b19778 av_one_fifth  avia-builder-el-0  el_before_av_three_fifth  avia-builder-el-first  first flex_column_div av-zero-column-padding'     ><\/div>\n\n<style type=\"text\/css\" data-created_by=\"avia_inline_auto\" id=\"style-css-av-eumz2f8-b9194d19ea0772042cbcbf229d961755\">\n.flex_column.av-eumz2f8-b9194d19ea0772042cbcbf229d961755{\nborder-radius:0px 0px 0px 0px;\npadding:0px 0px 0px 0px;\n}\n<\/style>\n<div  class='flex_column av-eumz2f8-b9194d19ea0772042cbcbf229d961755 av_three_fifth  avia-builder-el-1  el_after_av_one_fifth  el_before_av_one_fifth  flex_column_div av-zero-column-padding'     ><p><div id=\"\" style='padding-bottom:10px;' class='av-special-heading av-special-heading-h1  blockquote modern-quote modern-centered  avia-builder-el-2  el_before_av_hr  avia-builder-el-first'><h1 class='av-special-heading-tag'  itemprop=\"headline\"  >Pol\u00edtica de Privacidad de Callbox<\/h1><div class='special-heading-border'><div class='special-heading-inner-border' ><\/div><\/div><\/div><br \/>\n\n<style type=\"text\/css\" data-created_by=\"avia_inline_auto\" id=\"style-css-av-1bh9wec-90452a40b856fd9274cfc908ca399429\">\n#top .hr.hr-invisible.av-1bh9wec-90452a40b856fd9274cfc908ca399429{\nheight:30px;\n}\n<\/style>\n<div  class='hr av-1bh9wec-90452a40b856fd9274cfc908ca399429 hr-invisible  avia-builder-el-3  el_after_av_heading  el_before_av_textblock'><span class='hr-inner'><span class=\"hr-inner-style\"><\/span><\/span><\/div><br \/>\n<section  class='av_textblock_section av-cozkmx0-451ea10ebde500d6772a92b7310e1cbb'   itemscope=\"itemscope\" itemtype=\"https:\/\/schema.org\/CreativeWork\" ><div class='avia_textblock'  itemprop=\"text\" ><p>Callbox ofrece servicios de generaci\u00f3n de contactos, concertaci\u00f3n de citas y datos a empresas que comercializan y venden a otras empresas. Callbox se compromete con la privacidad y la seguridad de los visitantes de su sitio web.<\/p>\n<p>En esta pol\u00edtica de privacidad, \"Callbox\", \"nosotros\", \"nos\" y \"nuestro\" se refieren a Callbox, Inc, una corporaci\u00f3n registrada con sede en EE.UU.. \"Sitio web\" incluye callboxinc.com, callboxinc.com.au, callboxinc.com.sg, callbox.com.my, callboxinc.co.uk, callbox.ca, callboxasia.com.<\/p>\n<p>Esta pol\u00edtica de privacidad se aplica a la informaci\u00f3n personal recogida en nuestro sitioweb o recopilada a trav\u00e9s de los m\u00e9todos aqu\u00ed expuestos. No se aplica a ning\u00fan sitio web ni a las pr\u00e1cticas utilizadas por terceros. Esta pol\u00edtica de privacidad tampoco se aplica a la informaci\u00f3n que recibimos o mantenemos en nombre de nuestros clientes en nuestro papel de proveedor de servicios, ya que dichos t\u00e9rminos se rigen por el acuerdo de servicio aplicable.<\/p>\n<h2><b>1. Qu\u00e9 informaci\u00f3n recolectamos<\/b><\/h2>\n<p>Recopilamos datos relacionados con su uso de nuestro sitio web. Utilizamos cookies y tecnolog\u00edas similares en nuestro sitio web para recopilar informaci\u00f3n como la fecha y la hora de las visitas, la ubicaci\u00f3n geogr\u00e1fica, las p\u00e1ginas visitadas, la direcci\u00f3n IP, los enlaces a\/desde cualquier p\u00e1gina, el tipo y la versi\u00f3n del navegador, el sistema operativo, la fuente de referencia y el tiempo de permanencia en nuestro sitio web.<\/p>\n<p>Nuestro sitio web incluye opciones para que los visitantes env\u00eden informaci\u00f3n a Callbox, por ejemplo al suscribirse a nuestro bolet\u00edn de noticias por correo electr\u00f3nico, descargar determinados contenidos, comunicarse con nosotros, etc. Dichos formularios pueden ofrecer la opci\u00f3n de enviar su informaci\u00f3n personal, incluido su nombre, cargo, nombre de la empresa, direcci\u00f3n de correo electr\u00f3nico o n\u00famero de tel\u00e9fono. Adem\u00e1s, la informaci\u00f3n personal que almacenamos sobre usted puede estar vinculada a la informaci\u00f3n almacenada y obtenida de las cookies.<\/p>\n<p>Con su consentimiento, tambi\u00e9n podemos recopilar Informaci\u00f3n Personal adicional de otras maneras, incluyendo correos electr\u00f3nicos, encuestas y otras formas de comunicaci\u00f3n.<\/p>\n<h2><b>2. C\u00f3mo empleamos su informaci\u00f3n<\/b><\/h2>\n<p>Callbox utiliza los datos de las cookies para medir el tr\u00e1fico del sitio y la actividad de uso para ayudarnos a mejorar y aumentar la funcionalidad de nuestro sitio web, detectar posibles actividades fraudulentas y comprender mejor las fuentes de tr\u00e1fico y las transacciones en nuestro sitio web. Las cookies tambi\u00e9n permiten a nuestros servidores recordar la informaci\u00f3n de su cuenta para futuras visitas y proporcionar informaci\u00f3n personalizada y simplificada a trav\u00e9s de p\u00e1ginas relacionadas en nuestro sitio web.<\/p>\n<p>Adem\u00e1s, podemos utilizar su informaci\u00f3n personal para nuestros intereses comerciales leg\u00edtimos en relaci\u00f3n con su uso de nuestros servicios, incluyendo:<\/p>\n<ul>\n<li>Para responder a sus consultas y atender solicitudes, completar transacciones, prestar servicios de atenci\u00f3n al cliente, enviar informaci\u00f3n administrativa y personalizar su experiencia con nuestros servicios.<\/li>\n<li>Comprender mejor a nuestros clientes en general y mejorar el contenido y la funcionalidad de nuestro sitio web.<\/li>\n<li>Para ponernos en contacto con usted en el futuro en relaci\u00f3n con servicios, promociones, oportunidades y otra informaci\u00f3n general sobre Callbox que consideremos de su inter\u00e9s.<\/li>\n<li>Investigar y procesar posibles infracciones de los acuerdos de seguridad o licencia de Callbox.<\/li>\n<li>Para otros fines que consideremos necesarios o apropiados: (a) en virtud de la legislaci\u00f3n aplicable, incluida la de fuera de su pa\u00eds de residencia; (b) para cumplir con procesos legales; (c) responder a solicitudes de autoridades p\u00fablicas y gubernamentales, incluidas las de fuera de su pa\u00eds de residencia; (d) hacer cumplir nuestros t\u00e9rminos y condiciones; (e) proteger nuestras operaciones o aquellas de cualquiera de nuestros Afiliados; (f) proteger nuestros derechos, privacidad, seguridad o propiedad, y\/o los de nuestros afiliados, usted u otros; y (g) para permitirnos interponer los recursos disponibles o limitar los da\u00f1os que podamos padecer.<\/li>\n<\/ul>\n<p>Nuestra base jur\u00eddica para recoger y utilizar los datos personales descritos anteriormente depender\u00e1 de los datos personales de que se trate y del contexto espec\u00edfico en el que los recojamos. No obstante, normalmente s\u00f3lo recopilaremos datos personales suyos (1) cuando el tratamiento responda a nuestros intereses leg\u00edtimos y no se vea anulado por sus derechos; (2) cuando necesitemos los datos personales para ejecutar un contrato con usted o (3) cuando tenemos su consentimiento para ello. En algunos casos, tambi\u00e9n podemos tener la obligaci\u00f3n legal para recabar sus datos personales.<\/p>\n<h2><b>3. C\u00f3mo compartimos su informaci\u00f3n<\/b><\/h2>\n<p>No concedemos licencias ni vendemos a nadie informaci\u00f3n sobre el uso que usted hace de nuestro sitio web. S\u00f3lo compartiremos dicha informaci\u00f3n con un tercero que se haya comprometido a mantener la confidencialidad y la seguridad de dicha informaci\u00f3n, y s\u00f3lo con el fin de facilitar uno de los usos descritos en esta pol\u00edtica de privacidad en nombre de Callbox.<\/p>\n<p>Callbox no revelar\u00e1 su informaci\u00f3n personal a terceros, excepto en relaci\u00f3n con los fines descritos en esta pol\u00edtica de privacidad. Callbox obtendr\u00e1, siempre que sea posible, acuerdos de confidencialidad de cualquier persona o entidad a la que se revelen sus datos personales y se asegurar\u00e1 de que los destinatarios se comprometan a emplear las medidas de seguridad tecnol\u00f3gica adecuadas.<\/p>\n<p>En caso de fusi\u00f3n, adquisici\u00f3n, reorganizaci\u00f3n, quiebra u otros eventos similares, cualquier informaci\u00f3n en nuestro poder puede ser transferida a nuestro sucesor o cesionario.<\/p>\n<h2><b>4. C\u00f3mo protegemos su informaci\u00f3n<\/b><\/h2>\n<p>Callbox emplea medidas organizativas, t\u00e9cnicas y administrativas apropiadas para proteger los Datos Personales dentro de nuestra organizaci\u00f3n, incluyendo controles de seguridad para evitar el acceso no autorizado a nuestros sistemas.<\/p>\n<p>Aunque tomamos medidas razonables para mantener la seguridad de su informaci\u00f3n personal, debe entender que siempre hay un nivel de riesgo asumido al compartir datos personales en l\u00ednea. Si tiene motivos para creer que su interacci\u00f3n con nuestro sitio web ya no es segura, inf\u00f3rmenos inmediatamente de acuerdo con la secci\u00f3n \"C\u00f3mo ponerse en contacto con nosotros en caso de problemas de privacidad\" que figura m\u00e1s adelante.<\/p>\n<h2><b>5. C\u00f3mo puede gestionar y eliminar su informaci\u00f3n<\/b><\/h2>\n<p>Puede acceder, corregir, modificar, eliminar o limitar el uso o la divulgaci\u00f3n de su informaci\u00f3n personal que Callbox haya recopilado y almacenado. Le invitamos a que nos lo comunique de acuerdo con la secci\u00f3n \"C\u00f3mo ponerse en contacto con nosotros en caso de dudas sobre la privacidad\" que figura a continuaci\u00f3n.<\/p>\n<h2><b>6. De qu\u00e9 opciones dispone<\/b><\/h2>\n<p>No le pedimos que facilite informaci\u00f3n personal cuando navega por el sitio, aunque algunas p\u00e1ginas y contenidos pueden incluir opciones para enviar sus datos personales con el fin de que pueda acceder y utilizar plenamente dichas caracter\u00edsticas o funcionalidades del sitio web.<\/p>\n<p>Puede optar por no recibir mensajes de marketing de Callbox d\u00e1ndose de baja a trav\u00e9s del enlace de baja o exclusi\u00f3n de un correo electr\u00f3nico. Atenderemos su solicitud tan pronto como sea razonablemente posible. Tenga en cuenta que si opta por no recibir nuestros mensajes de marketing, es posible que sigamos envi\u00e1ndole mensajes administrativos importantes.<\/p>\n<h2><b>7. C\u00f3mo modificamos esta pol\u00edtica de privacidad y le notificamos los cambios<\/b><\/h2>\n<p>Esta pol\u00edtica de privacidad se actualiz\u00f3 por \u00faltima vez en la fecha arriba indicada. Callbox puede realizar actualizaciones y cambios en esta pol\u00edtica mediante la publicaci\u00f3n de una pol\u00edtica actualizada en nuestro sitio web.<\/p>\n<h2><b>8. C\u00f3mo ponerse en contacto con nosotros por cuestiones de privacidad<\/b><\/h2>\n<p class=\"translation-block\">If you have any questions about our privacy policy, the practices, or use of our website, or would like to make any request as provided hereunder, please email us at <a href=\"mailto:privacy@callboxinc.com\" target=\"_blank\" rel=\"noopener\">privacy@callboxinc.com<\/a>. Or contact us at:<\/p>\n<\/div><\/section><br \/>\n<div class='avia-data-table-wrap av-c8uyps4-86922983452c54d65be7abf27e739029 avia_responsive_table avia-table-1'><table  class='avia-table avia-data-table avia_pricing_default  avia-builder-el-5  el_after_av_textblock  avia-builder-el-last'  itemscope=\"itemscope\" itemtype=\"https:\/\/schema.org\/Table\" ><tbody><tr class=''><td class=''><b>USA (Toll Free)<\/b><\/td><td class=''>+1 888.810.7464<\/td><\/tr><tr class=''><td class=''><b>USA<\/b><\/td><td class=''>+1 310.439.5814<\/td><\/tr><tr class=''><td class=''><b>Singapore<\/b><\/td><td class=''>+65 3159.1112<\/td><\/tr><tr class=''><td class=''><b>Australia<\/b><\/td><td class=''>+61 2 9037.2248<\/td><\/tr><tr class=''><td class=''><b>New Zealand<\/b><\/td><td class=''>+64 9914.3122<\/td><\/tr><tr class=''><td class=''><b>Colombia<\/b><\/td><td class=''>+57 601 508 4456<\/td><\/tr><tr class=''><td class=''><b>Malaysia<\/b><\/td><td class=''>+60 3.9212.5776<\/td><\/tr><tr class=''><td class=''><b>Hong Kong<\/b><\/td><td class=''>+852 3678.6708<\/td><\/tr><tr class=''><td class=''><b>Reino Unido<\/b><\/td><td class=''>+44 20.74425066<\/td><\/tr><\/tbody><\/table><\/div><\/p><\/div>\n<style type=\"text\/css\" data-created_by=\"avia_inline_auto\" id=\"style-css-av-23bvt0-0672479eed5126df20abf79a00b776a3\">\n.flex_column.av-23bvt0-0672479eed5126df20abf79a00b776a3{\nborder-radius:0px 0px 0px 0px;\npadding:0px 0px 0px 0px;\n}\n<\/style>\n<div  class='flex_column av-23bvt0-0672479eed5126df20abf79a00b776a3 av_one_fifth  avia-builder-el-6  el_after_av_three_fifth  avia-builder-el-last  flex_column_div av-zero-column-padding'     ><\/div><\/p>","protected":false},"excerpt":{"rendered":"","protected":false},"author":1,"featured_media":0,"parent":0,"menu_order":0,"comment_status":"closed","ping_status":"closed","template":"","meta":{"_acf_changed":false,"footnotes":""},"categories":[],"tags":[],"class_list":["post-25636","page","type-page","status-publish","hentry"],"acf":{"page_faqs":false,"cb_acf_hero":{"h1_title":"","headline":"","description":"","image":false,"video":"","video_header":false,"cta_link":"","cta_link_hs":"","cta":"BOOK A MEETING"},"cb_asset":"","cb_web_property":"MAIN","cb_acf_relational":{"case_study":"","cs_industry_image":false},"cb_acf_testimonial":"","cb_regional_pages":false,"cb_acf_ctas":{"contact_form":"","banner_image":false,"goto_form_button":"BOOK A MEETING"},"cb_acf_post_alt":{"alt_post_title":"","alt_post_image":false,"alt_post_excerpt":"","alt_post_image_url":false},"has_contact_form":false,"dark_themed_form":false,"has_review_section":false,"leadgen_apac":false,"form_redirect_url":"","cb_banner_announcement":false,"hubspot_form_guid":"6c1dda45-65a3-49f4-9de6-7bc157f6abbb","faq_header_title":"","faq_header_desc":""},"featured_image_src":"https:\/\/www.callboxinc.com\/wp-includes\/images\/media\/default.svg","yoast_head":"<!-- This site is optimized with the Yoast SEO Premium plugin v27.1 (Yoast SEO v27.1.1) - https:\/\/yoast.com\/product\/yoast-seo-premium-wordpress\/ -->\n<title>Privacy Policy - Callbox Inc.<\/title>\n<meta name=\"description\" content=\"If you have any questions about our privacy policy, the practices, or use of our website, or would like to make any request as provided hereunder, please email us at\u00a0privacy@callboxinc.com.\" \/>\n<meta name=\"robots\" content=\"index, follow, max-snippet:-1, max-image-preview:large, max-video-preview:-1\" \/>\n<link rel=\"canonical\" href=\"https:\/\/www.callboxinc.com\/latam\/privacy\/\" \/>\n<meta property=\"og:locale\" content=\"en_US\" \/>\n<meta property=\"og:type\" content=\"article\" \/>\n<meta property=\"og:title\" content=\"Privacy Policy\" \/>\n<meta property=\"og:description\" content=\"If you have any questions about our privacy policy, the practices, or use of our website, or would like to make any request as provided hereunder, please email us at\u00a0privacy@callboxinc.com.\" \/>\n<meta property=\"og:url\" content=\"https:\/\/www.callboxinc.com\/latam\/privacy\/\" \/>\n<meta property=\"og:site_name\" content=\"Callbox Inc. - B2B Lead Generation Company\" \/>\n<meta property=\"article:publisher\" content=\"https:\/\/www.facebook.com\/Callbox\/\" \/>\n<meta property=\"article:modified_time\" content=\"2025-11-25T12:56:36+00:00\" \/>\n<meta property=\"og:image\" content=\"https:\/\/www.callboxinc.com\/wp-content\/uploads\/2021\/06\/callbox-featured-default.jpg\" \/>\n\t<meta property=\"og:image:width\" content=\"800\" \/>\n\t<meta property=\"og:image:height\" content=\"450\" \/>\n\t<meta property=\"og:image:type\" content=\"image\/jpeg\" \/>\n<meta name=\"twitter:card\" content=\"summary_large_image\" \/>\n<meta name=\"twitter:site\" content=\"@callboxinc\" \/>\n<meta name=\"twitter:label1\" content=\"Tiempo de lectura\" \/>\n\t<meta name=\"twitter:data1\" content=\"6 minutos\" \/>\n<script type=\"application\/ld+json\" class=\"yoast-schema-graph\">{\"@context\":\"https:\/\/schema.org\",\"@graph\":[{\"@type\":\"WebPage\",\"@id\":\"https:\/\/www.callboxinc.com\/privacy\/\",\"url\":\"https:\/\/www.callboxinc.com\/privacy\/\",\"name\":\"Privacy Policy - Callbox Inc.\",\"isPartOf\":{\"@id\":\"https:\/\/www.callboxinc.com\/#website\"},\"datePublished\":\"2018-05-21T00:32:52+00:00\",\"dateModified\":\"2025-11-25T12:56:36+00:00\",\"description\":\"If you have any questions about our privacy policy, the practices, or use of our website, or would like to make any request as provided hereunder, please email us at\u00a0privacy@callboxinc.com.\",\"breadcrumb\":{\"@id\":\"https:\/\/www.callboxinc.com\/privacy\/#breadcrumb\"},\"inLanguage\":\"es-CO\",\"potentialAction\":[{\"@type\":\"ReadAction\",\"target\":[\"https:\/\/www.callboxinc.com\/privacy\/\"]}]},{\"@type\":\"BreadcrumbList\",\"@id\":\"https:\/\/www.callboxinc.com\/privacy\/#breadcrumb\",\"itemListElement\":[{\"@type\":\"ListItem\",\"position\":1,\"name\":\"Home\",\"item\":\"https:\/\/www.callboxinc.com\/\"},{\"@type\":\"ListItem\",\"position\":2,\"name\":\"Privacy Policy\"}]},{\"@type\":\"WebSite\",\"@id\":\"https:\/\/www.callboxinc.com\/#website\",\"url\":\"https:\/\/www.callboxinc.com\/\",\"name\":\"Callbox Inc. - B2B Lead Generation Company\",\"description\":\"Drive sales with more leads, meetings, and data\",\"publisher\":{\"@id\":\"https:\/\/www.callboxinc.com\/#organization\"},\"potentialAction\":[{\"@type\":\"SearchAction\",\"target\":{\"@type\":\"EntryPoint\",\"urlTemplate\":\"https:\/\/www.callboxinc.com\/?s={search_term_string}\"},\"query-input\":{\"@type\":\"PropertyValueSpecification\",\"valueRequired\":true,\"valueName\":\"search_term_string\"}}],\"inLanguage\":\"es-CO\"},{\"@type\":\"Organization\",\"@id\":\"https:\/\/www.callboxinc.com\/#organization\",\"name\":\"Callbox Inc.\",\"url\":\"https:\/\/www.callboxinc.com\/\",\"logo\":{\"@type\":\"ImageObject\",\"inLanguage\":\"es-CO\",\"@id\":\"https:\/\/www.callboxinc.com\/#\/schema\/logo\/image\/\",\"url\":\"https:\/\/www.callboxinc.com\/wp-content\/uploads\/2019\/11\/logo.png\",\"contentUrl\":\"https:\/\/www.callboxinc.com\/wp-content\/uploads\/2019\/11\/logo.png\",\"width\":107,\"height\":56,\"caption\":\"Callbox Inc.\"},\"image\":{\"@id\":\"https:\/\/www.callboxinc.com\/#\/schema\/logo\/image\/\"},\"sameAs\":[\"https:\/\/www.facebook.com\/Callbox\/\",\"https:\/\/x.com\/callboxinc\",\"https:\/\/linkedin.com\/company\/callbox-encino-california\",\"https:\/\/www.pinterest.com\/callboxinc\/\",\"https:\/\/www.youtube.com\/channel\/UCtItzDF9eq58Jnw3u6x_7jg\/\"]}]}<\/script>\n<!-- \/ Yoast SEO Premium plugin. -->","yoast_head_json":{"title":"Pol\u00edtica de Privacidad - Callbox Inc.","description":"Si tienes alguna pregunta sobre nuestra pol\u00edtica de privacidad, las pr\u00e1cticas o el uso de nuestro sitio web, o si deseas realizar alguna solicitud como se indica a continuaci\u00f3n, por favor env\u00edanos un correo electr\u00f3nico a privacy@callboxinc.com.","robots":{"index":"index","follow":"follow","max-snippet":"max-snippet:-1","max-image-preview":"max-image-preview:large","max-video-preview":"max-video-preview:-1"},"canonical":"https:\/\/www.callboxinc.com\/latam\/privacy\/","og_locale":"en_US","og_type":"article","og_title":"Privacy Policy","og_description":"If you have any questions about our privacy policy, the practices, or use of our website, or would like to make any request as provided hereunder, please email us at\u00a0privacy@callboxinc.com.","og_url":"https:\/\/www.callboxinc.com\/latam\/privacy\/","og_site_name":"Callbox Inc. - B2B Lead Generation Company","article_publisher":"https:\/\/www.facebook.com\/Callbox\/","article_modified_time":"2025-11-25T12:56:36+00:00","og_image":[{"width":800,"height":450,"url":"https:\/\/www.callboxinc.com\/wp-content\/uploads\/2021\/06\/callbox-featured-default.jpg","type":"image\/jpeg"}],"twitter_card":"summary_large_image","twitter_site":"@callboxinc","twitter_misc":{"Tiempo de lectura":"6 minutos"},"schema":{"@context":"https:\/\/schema.org","@graph":[{"@type":"WebPage","@id":"https:\/\/www.callboxinc.com\/privacy\/","url":"https:\/\/www.callboxinc.com\/privacy\/","name":"Pol\u00edtica de Privacidad - Callbox Inc.","isPartOf":{"@id":"https:\/\/www.callboxinc.com\/#website"},"datePublished":"2018-05-21T00:32:52+00:00","dateModified":"2025-11-25T12:56:36+00:00","description":"Si tienes alguna pregunta sobre nuestra pol\u00edtica de privacidad, las pr\u00e1cticas o el uso de nuestro sitio web, o si deseas realizar alguna solicitud como se indica a continuaci\u00f3n, por favor env\u00edanos un correo electr\u00f3nico a privacy@callboxinc.com.","breadcrumb":{"@id":"https:\/\/www.callboxinc.com\/privacy\/#breadcrumb"},"inLanguage":"es-CO","potentialAction":[{"@type":"ReadAction","target":["https:\/\/www.callboxinc.com\/privacy\/"]}]},{"@type":"BreadcrumbList","@id":"https:\/\/www.callboxinc.com\/privacy\/#breadcrumb","itemListElement":[{"@type":"ListItem","position":1,"name":"Home","item":"https:\/\/www.callboxinc.com\/"},{"@type":"ListItem","position":2,"name":"Privacy Policy"}]},{"@type":"WebSite","@id":"https:\/\/www.callboxinc.com\/#website","url":"https:\/\/www.callboxinc.com\/","name":"Callbox Inc. - Agencia de generaci\u00f3n de prospectos B2B","description":"Drive sales with more leads, meetings, and data","publisher":{"@id":"https:\/\/www.callboxinc.com\/#organization"},"potentialAction":[{"@type":"SearchAction","target":{"@type":"EntryPoint","urlTemplate":"https:\/\/www.callboxinc.com\/?s={search_term_string}"},"query-input":{"@type":"PropertyValueSpecification","valueRequired":true,"valueName":"search_term_string"}}],"inLanguage":"es-CO"},{"@type":"Organization","@id":"https:\/\/www.callboxinc.com\/#organization","name":"Callbox Inc.","url":"https:\/\/www.callboxinc.com\/","logo":{"@type":"ImageObject","inLanguage":"es-CO","@id":"https:\/\/www.callboxinc.com\/#\/schema\/logo\/image\/","url":"https:\/\/www.callboxinc.com\/wp-content\/uploads\/2019\/11\/logo.png","contentUrl":"https:\/\/www.callboxinc.com\/wp-content\/uploads\/2019\/11\/logo.png","width":107,"height":56,"caption":"Callbox Inc."},"image":{"@id":"https:\/\/www.callboxinc.com\/#\/schema\/logo\/image\/"},"sameAs":["https:\/\/www.facebook.com\/Callbox\/","https:\/\/x.com\/callboxinc","https:\/\/linkedin.com\/company\/callbox-encino-california","https:\/\/www.pinterest.com\/callboxinc\/","https:\/\/www.youtube.com\/channel\/UCtItzDF9eq58Jnw3u6x_7jg\/"]}]}},"_links":{"self":[{"href":"https:\/\/www.callboxinc.com\/latam\/wp-json\/wp\/v2\/pages\/25636","targetHints":{"allow":["GET"]}}],"collection":[{"href":"https:\/\/www.callboxinc.com\/latam\/wp-json\/wp\/v2\/pages"}],"about":[{"href":"https:\/\/www.callboxinc.com\/latam\/wp-json\/wp\/v2\/types\/page"}],"author":[{"embeddable":true,"href":"https:\/\/www.callboxinc.com\/latam\/wp-json\/wp\/v2\/users\/1"}],"replies":[{"embeddable":true,"href":"https:\/\/www.callboxinc.com\/latam\/wp-json\/wp\/v2\/comments?post=25636"}],"version-history":[{"count":32,"href":"https:\/\/www.callboxinc.com\/latam\/wp-json\/wp\/v2\/pages\/25636\/revisions"}],"predecessor-version":[{"id":117565,"href":"https:\/\/www.callboxinc.com\/latam\/wp-json\/wp\/v2\/pages\/25636\/revisions\/117565"}],"wp:attachment":[{"href":"https:\/\/www.callboxinc.com\/latam\/wp-json\/wp\/v2\/media?parent=25636"}],"wp:term":[{"taxonomy":"category","embeddable":true,"href":"https:\/\/www.callboxinc.com\/latam\/wp-json\/wp\/v2\/categories?post=25636"},{"taxonomy":"post_tag","embeddable":true,"href":"https:\/\/www.callboxinc.com\/latam\/wp-json\/wp\/v2\/tags?post=25636"}],"curies":[{"name":"wp","href":"https:\/\/api.w.org\/{rel}","templated":true}]}}